{"id":2419,"date":"2022-12-28T12:37:10","date_gmt":"2022-12-28T12:37:10","guid":{"rendered":"https:\/\/global-mind-search.com\/recruitment-in-switzerland\/"},"modified":"2025-07-21T20:21:55","modified_gmt":"2025-07-21T20:21:55","slug":"recruitment-switzerland","status":"publish","type":"page","link":"https:\/\/global-mind-search.com\/en\/recruitment-switzerland\/","title":{"rendered":"Recruitment in Switzerland"},"content":{"rendered":"<p><img decoding=\"async\" class=\"alignright wp-image-2522 size-full\" src=\"https:\/\/global-mind-search.com\/wp-content\/uploads\/2023\/01\/Global-Mind-Search-Recruitements-Europe-Suisse.jpg\" alt=\"Recruitment in Switzerland\" width=\"450\" height=\"300\" srcset=\"https:\/\/global-mind-search.com\/wp-content\/uploads\/2023\/01\/Global-Mind-Search-Recruitements-Europe-Suisse.jpg 450w, https:\/\/global-mind-search.com\/wp-content\/uploads\/2023\/01\/Global-Mind-Search-Recruitements-Europe-Suisse-300x200.jpg 300w\" sizes=\"(max-width: 450px) 100vw, 450px\" \/><\/p>\n<p data-start=\"140\" data-end=\"491\">Global Mind Search Switzerland has been active since 2021 in the country\u2019s two major regions: French-speaking (Romandie) and German-speaking (Swiss-German) areas. The company holds the necessary cantonal and federal authorizations required to operate as a private placement agency, ensuring full compliance with Swiss legal frameworks (LSE, OSE, LEg).<\/p>\n<p data-start=\"493\" data-end=\"774\">This institutional legitimacy forms the foundation of an ethical, respectful, and well-recognized practice. It allows us to provide reliable services to our clients, whether they are local SMEs, multinational corporations, foundations, or public and nonprofit sector organizations.<\/p>\n<hr \/>\n<h2 data-start=\"781\" data-end=\"802\"><\/h2>\n<h2 data-start=\"781\" data-end=\"802\">For Candidates<\/h2>\n<h3 data-start=\"804\" data-end=\"849\">Career Assessments and Concrete Prospects<\/h3>\n<p data-start=\"851\" data-end=\"1146\">We also conduct professional assessments to help you reflect on your career path, key skills, aspirations, and development levers. These discussions are essential to define a realistic trajectory aligned with the Swiss market\u2014known for its high standards, multilingualism, and skilled workforce.<\/p>\n<p data-start=\"1148\" data-end=\"1390\">Global Mind Search offers you personalized, confidential support tailored to your goals. Thanks to our direct approach, we can give you access to targeted, confidential, or strategic opportunities that are not visible through public channels.<\/p>\n<hr data-start=\"1392\" data-end=\"1395\" \/>\n<h2 data-start=\"1397\" data-end=\"1417\"><\/h2>\n<h2 data-start=\"1397\" data-end=\"1417\">For Companies<\/h2>\n<h3 data-start=\"1419\" data-end=\"1484\">Tailor-Made Recruitment for Companies, SMEs, and Corporations<\/h3>\n<ul>\n<li data-start=\"1486\" data-end=\"1543\"><strong>Local Expertise in Compliance with Swiss Regulations :<\/strong><\/li>\n<\/ul>\n<p data-start=\"1545\" data-end=\"1835\">Global Mind Search Switzerland supports your direct-approach recruitment projects across Switzerland, especially in the Romandie and German-speaking regions. We hold official cantonal and federal authorizations to operate as a private placement agency, fully aligned with Swiss legislation.<\/p>\n<ul>\n<li data-start=\"1837\" data-end=\"1885\"><strong>Custom Solutions for Strategic Hiring Needs :<\/strong><\/li>\n<\/ul>\n<p data-start=\"1887\" data-end=\"2117\">Whether you&#8217;re setting up a new branch, building an executive team, or strengthening critical functions, our firm offers custom solutions tailored to your business goals, corporate culture, and the constraints of the local market.<\/p>\n<p data-start=\"2119\" data-end=\"2374\">Our services cover the recruitment of high-potential executives, rare specialists, and C-level leaders (CEO, CFO, CTO, CHRO\u2026). We manage both single-profile searches and full team builds, with high levels of confidentiality, responsiveness, and precision.<\/p>\n<ul>\n<li data-start=\"2376\" data-end=\"2446\"><strong>Talent Pipelines, Proactive Sourcing, and Sustainable Integration :<\/strong><\/li>\n<\/ul>\n<p data-start=\"2448\" data-end=\"2721\">More and more often, our teams are tasked with proactive sourcing missions or the creation of talent pools for specific roles or job categories. This approach helps your company anticipate skill needs\u2014particularly during periods of strong recovery or organizational change.<\/p>\n<h3 data-start=\"2728\" data-end=\"2782\">A Swiss, Tailor-Made, High-Value-Added Solution<\/h3>\n<p data-start=\"2784\" data-end=\"3001\">Each assignment is built around an in-depth briefing, a personalized approach strategy, and rigorous tracking throughout the process. Our timelines are clear, our reports are detailed, and our commitments are honored.<\/p>\n<p data-start=\"3003\" data-end=\"3047\">Our deliverables may include (upon request):<\/p>\n<ul data-start=\"3049\" data-end=\"3253\">\n<li data-start=\"3049\" data-end=\"3089\">\n<p data-start=\"3051\" data-end=\"3089\">Behavioral or managerial assessments<\/p>\n<\/li>\n<li data-start=\"3090\" data-end=\"3154\">\n<p data-start=\"3092\" data-end=\"3154\">Background or reference checks in compliance with Swiss GDPR<\/p>\n<\/li>\n<li data-start=\"3155\" data-end=\"3253\">\n<p data-start=\"3157\" data-end=\"3253\">Post-hiring onboarding follow-up for up to 12 months, in close contact with your management team<\/p>\n<\/li>\n<\/ul>\n<hr data-start=\"3255\" data-end=\"3258\" \/>\n<h2 data-start=\"3260\" data-end=\"3312\"><\/h2>\n<h2 data-start=\"3260\" data-end=\"3312\">Why Choose Global Mind Search in Switzerland?<\/h2>\n<ul data-start=\"3314\" data-end=\"4059\">\n<li data-start=\"3314\" data-end=\"3421\">\n<p data-start=\"3316\" data-end=\"3421\">A recognized and active presence in Switzerland, ensuring close alignment with your regional challenges<\/p>\n<\/li>\n<li data-start=\"3422\" data-end=\"3535\">\n<p data-start=\"3424\" data-end=\"3535\">Operations governed by official cantonal and federal authorizations\u2014a guarantee of compliance and reliability<\/p>\n<\/li>\n<li data-start=\"3536\" data-end=\"3637\">\n<p data-start=\"3538\" data-end=\"3637\">Proven expertise in confidential, targeted recruitment of senior executives, experts, and leaders<\/p>\n<\/li>\n<li data-start=\"3638\" data-end=\"3728\">\n<p data-start=\"3640\" data-end=\"3728\">Deep understanding of the multicultural and multilingual realities of the Swiss market<\/p>\n<\/li>\n<li data-start=\"3729\" data-end=\"3853\">\n<p data-start=\"3731\" data-end=\"3853\">A qualified network in key sectors such as industry, finance, pharma, energy, and the institutional or nonprofit sectors<\/p>\n<\/li>\n<li data-start=\"3854\" data-end=\"3934\">\n<p data-start=\"3856\" data-end=\"3934\">A structured, transparent direct search methodology tailored to each mission<\/p>\n<\/li>\n<li data-start=\"3935\" data-end=\"4059\">\n<p data-start=\"3937\" data-end=\"4059\">Real capability to support companies in challenges related to international mobility, HR stability, and legal compliance<\/p>\n<\/li>\n<\/ul>\n<p data-start=\"4061\" data-end=\"4235\">We provide a focused, clear, and responsive response to the situation you describe, with a realistic timeline communicated for the completion of your recruitment assignments.<\/p>\n<p data-start=\"4237\" data-end=\"4399\">After a successful hire, we carry out an integration follow-up\u2014agreed upon with our clients\u2014that covers the warranty period (which can range from 6 to 12 months).<\/p>\n","protected":false},"excerpt":{"rendered":"<p>Global Mind Search Switzerland has been active since 2021 in the country\u2019s two major regions: French-speaking (Romandie) and German-speaking (Swiss-German) areas. The company holds the necessary cantonal and federal authorizations required to operate as a private placement agency, ensuring full compliance with Swiss legal frameworks (LSE, OSE, LEg). This institutional legitimacy forms the foundation of [&hellip;]<\/p>\n","protected":false},"author":1,"featured_media":0,"parent":0,"menu_order":12,"comment_status":"closed","ping_status":"closed","template":"","meta":{"_acf_changed":false,"footnotes":""},"class_list":["post-2419","page","type-page","status-publish","hentry"],"acf":[],"yoast_head":"\n<title>Recrutement en Suisse | Global Mind Search<\/title>\n<meta name=\"description\" content=\"Nous intervenons en dominante pour des soci\u00e9t\u00e9s \u00e0 forte valeur ajout\u00e9e de services (technologiques, biothech et medtech, industries)\" \/>\n<meta name=\"robots\" content=\"index, follow, max-snippet:-1, max-image-preview:large, max-video-preview:-1\" \/>\n<link rel=\"canonical\" href=\"https:\/\/global-mind-search.com\/en\/recruitment-switzerland\/\" \/>\n<meta property=\"og:locale\" content=\"en_US\" \/>\n<meta property=\"og:type\" content=\"article\" \/>\n<meta property=\"og:title\" content=\"Recrutement en Suisse | Global Mind Search\" \/>\n<meta property=\"og:description\" content=\"Nous intervenons en dominante pour des soci\u00e9t\u00e9s \u00e0 forte valeur ajout\u00e9e de services (technologiques, biothech et medtech, industries)\" \/>\n<meta property=\"og:url\" content=\"https:\/\/global-mind-search.com\/en\/recruitment-switzerland\/\" \/>\n<meta property=\"og:site_name\" content=\"Global Mind Search | Cabinet de recrutement | St\u00e9phane Glaser\" \/>\n<meta property=\"article:modified_time\" content=\"2025-07-21T20:21:55+00:00\" \/>\n<meta property=\"og:image\" content=\"https:\/\/global-mind-search.com\/wp-content\/uploads\/2023\/01\/Global-Mind-Search-Recruitements-Europe-Suisse.jpg\" \/>\n<meta name=\"twitter:card\" content=\"summary_large_image\" \/>\n<meta name=\"twitter:label1\" content=\"Est. reading time\" \/>\n\t<meta name=\"twitter:data1\" content=\"4 minutes\" \/>\n<script type=\"application\/ld+json\" class=\"yoast-schema-graph\">{\"@context\":\"https:\/\/schema.org\",\"@graph\":[{\"@type\":\"WebPage\",\"@id\":\"https:\/\/global-mind-search.com\/en\/recruitment-switzerland\/\",\"url\":\"https:\/\/global-mind-search.com\/en\/recruitment-switzerland\/\",\"name\":\"Recrutement en Suisse | Global Mind Search\",\"isPartOf\":{\"@id\":\"https:\/\/global-mind-search.com\/#website\"},\"datePublished\":\"2022-12-28T12:37:10+00:00\",\"dateModified\":\"2025-07-21T20:21:55+00:00\",\"description\":\"Nous intervenons en dominante pour des soci\u00e9t\u00e9s \u00e0 forte valeur ajout\u00e9e de services (technologiques, biothech et medtech, industries)\",\"breadcrumb\":{\"@id\":\"https:\/\/global-mind-search.com\/en\/recruitment-switzerland\/#breadcrumb\"},\"inLanguage\":\"en-US\",\"potentialAction\":[{\"@type\":\"ReadAction\",\"target\":[\"https:\/\/global-mind-search.com\/en\/recruitment-switzerland\/\"]}]},{\"@type\":\"BreadcrumbList\",\"@id\":\"https:\/\/global-mind-search.com\/en\/recruitment-switzerland\/#breadcrumb\",\"itemListElement\":[{\"@type\":\"ListItem\",\"position\":1,\"name\":\"Accueil\",\"item\":\"https:\/\/global-mind-search.com\/en\/\"},{\"@type\":\"ListItem\",\"position\":2,\"name\":\"Recruitment in Switzerland\"}]},{\"@type\":\"WebSite\",\"@id\":\"https:\/\/global-mind-search.com\/#website\",\"url\":\"https:\/\/global-mind-search.com\/\",\"name\":\"Global Mind Search | Cabinet de recrutement | St\u00e9phane Glaser\",\"description\":\"Cabinet de conseil en recrutement par approche directe de cadres confirm\u00e9s et dirigeants, en France, Suisse, Allemagne, Belgique, Luxembourg\",\"publisher\":{\"@id\":\"https:\/\/global-mind-search.com\/#organization\"},\"alternateName\":\"Cabinet de conseil en recrutement par approche directe de cadres confirm\u00e9s et dirigeants, en France, Suisse, Allemagne, Belgique, Luxembourg\",\"potentialAction\":[{\"@type\":\"SearchAction\",\"target\":{\"@type\":\"EntryPoint\",\"urlTemplate\":\"https:\/\/global-mind-search.com\/?s={search_term_string}\"},\"query-input\":\"required name=search_term_string\"}],\"inLanguage\":\"en-US\"},{\"@type\":\"Organization\",\"@id\":\"https:\/\/global-mind-search.com\/#organization\",\"name\":\"Global Mind Search | Cabinet de recrutement | St\u00e9phane Glaser\",\"alternateName\":\"Cabinet de conseil en recrutement par approche directe de cadres confirm\u00e9s et dirigeants, en France, Suisse, Allemagne, Belgique, Luxembourg\",\"url\":\"https:\/\/global-mind-search.com\/\",\"logo\":{\"@type\":\"ImageObject\",\"inLanguage\":\"en-US\",\"@id\":\"https:\/\/global-mind-search.com\/#\/schema\/logo\/image\/\",\"url\":\"https:\/\/global-mind-search.com\/wp-content\/uploads\/2022\/12\/GMS-recrutement-bureau-Strasbourg.jpg\",\"contentUrl\":\"https:\/\/global-mind-search.com\/wp-content\/uploads\/2022\/12\/GMS-recrutement-bureau-Strasbourg.jpg\",\"width\":450,\"height\":300,\"caption\":\"Global Mind Search | Cabinet de recrutement | St\u00e9phane Glaser\"},\"image\":{\"@id\":\"https:\/\/global-mind-search.com\/#\/schema\/logo\/image\/\"}}]}<\/script>\n","yoast_head_json":{"title":"Recrutement en Suisse | Global Mind Search","description":"Nous intervenons en dominante pour des soci\u00e9t\u00e9s \u00e0 forte valeur ajout\u00e9e de services (technologiques, biothech et medtech, industries)","robots":{"index":"index","follow":"follow","max-snippet":"max-snippet:-1","max-image-preview":"max-image-preview:large","max-video-preview":"max-video-preview:-1"},"canonical":"https:\/\/global-mind-search.com\/en\/recruitment-switzerland\/","og_locale":"en_US","og_type":"article","og_title":"Recrutement en Suisse | Global Mind Search","og_description":"Nous intervenons en dominante pour des soci\u00e9t\u00e9s \u00e0 forte valeur ajout\u00e9e de services (technologiques, biothech et medtech, industries)","og_url":"https:\/\/global-mind-search.com\/en\/recruitment-switzerland\/","og_site_name":"Global Mind Search | Cabinet de recrutement | St\u00e9phane Glaser","article_modified_time":"2025-07-21T20:21:55+00:00","og_image":[{"url":"https:\/\/global-mind-search.com\/wp-content\/uploads\/2023\/01\/Global-Mind-Search-Recruitements-Europe-Suisse.jpg"}],"twitter_card":"summary_large_image","twitter_misc":{"Est. reading time":"4 minutes"},"schema":{"@context":"https:\/\/schema.org","@graph":[{"@type":"WebPage","@id":"https:\/\/global-mind-search.com\/en\/recruitment-switzerland\/","url":"https:\/\/global-mind-search.com\/en\/recruitment-switzerland\/","name":"Recrutement en Suisse | Global Mind Search","isPartOf":{"@id":"https:\/\/global-mind-search.com\/#website"},"datePublished":"2022-12-28T12:37:10+00:00","dateModified":"2025-07-21T20:21:55+00:00","description":"Nous intervenons en dominante pour des soci\u00e9t\u00e9s \u00e0 forte valeur ajout\u00e9e de services (technologiques, biothech et medtech, industries)","breadcrumb":{"@id":"https:\/\/global-mind-search.com\/en\/recruitment-switzerland\/#breadcrumb"},"inLanguage":"en-US","potentialAction":[{"@type":"ReadAction","target":["https:\/\/global-mind-search.com\/en\/recruitment-switzerland\/"]}]},{"@type":"BreadcrumbList","@id":"https:\/\/global-mind-search.com\/en\/recruitment-switzerland\/#breadcrumb","itemListElement":[{"@type":"ListItem","position":1,"name":"Accueil","item":"https:\/\/global-mind-search.com\/en\/"},{"@type":"ListItem","position":2,"name":"Recruitment in Switzerland"}]},{"@type":"WebSite","@id":"https:\/\/global-mind-search.com\/#website","url":"https:\/\/global-mind-search.com\/","name":"Global Mind Search | Cabinet de recrutement | St\u00e9phane Glaser","description":"Cabinet de conseil en recrutement par approche directe de cadres confirm\u00e9s et dirigeants, en France, Suisse, Allemagne, Belgique, Luxembourg","publisher":{"@id":"https:\/\/global-mind-search.com\/#organization"},"alternateName":"Cabinet de conseil en recrutement par approche directe de cadres confirm\u00e9s et dirigeants, en France, Suisse, Allemagne, Belgique, Luxembourg","potentialAction":[{"@type":"SearchAction","target":{"@type":"EntryPoint","urlTemplate":"https:\/\/global-mind-search.com\/?s={search_term_string}"},"query-input":"required name=search_term_string"}],"inLanguage":"en-US"},{"@type":"Organization","@id":"https:\/\/global-mind-search.com\/#organization","name":"Global Mind Search | Cabinet de recrutement | St\u00e9phane Glaser","alternateName":"Cabinet de conseil en recrutement par approche directe de cadres confirm\u00e9s et dirigeants, en France, Suisse, Allemagne, Belgique, Luxembourg","url":"https:\/\/global-mind-search.com\/","logo":{"@type":"ImageObject","inLanguage":"en-US","@id":"https:\/\/global-mind-search.com\/#\/schema\/logo\/image\/","url":"https:\/\/global-mind-search.com\/wp-content\/uploads\/2022\/12\/GMS-recrutement-bureau-Strasbourg.jpg","contentUrl":"https:\/\/global-mind-search.com\/wp-content\/uploads\/2022\/12\/GMS-recrutement-bureau-Strasbourg.jpg","width":450,"height":300,"caption":"Global Mind Search | Cabinet de recrutement | St\u00e9phane Glaser"},"image":{"@id":"https:\/\/global-mind-search.com\/#\/schema\/logo\/image\/"}}]}},"_links":{"self":[{"href":"https:\/\/global-mind-search.com\/en\/wp-json\/wp\/v2\/pages\/2419","targetHints":{"allow":["GET"]}}],"collection":[{"href":"https:\/\/global-mind-search.com\/en\/wp-json\/wp\/v2\/pages"}],"about":[{"href":"https:\/\/global-mind-search.com\/en\/wp-json\/wp\/v2\/types\/page"}],"author":[{"embeddable":true,"href":"https:\/\/global-mind-search.com\/en\/wp-json\/wp\/v2\/users\/1"}],"replies":[{"embeddable":true,"href":"https:\/\/global-mind-search.com\/en\/wp-json\/wp\/v2\/comments?post=2419"}],"version-history":[{"count":0,"href":"https:\/\/global-mind-search.com\/en\/wp-json\/wp\/v2\/pages\/2419\/revisions"}],"wp:attachment":[{"href":"https:\/\/global-mind-search.com\/en\/wp-json\/wp\/v2\/media?parent=2419"}],"curies":[{"name":"wp","href":"https:\/\/api.w.org\/{rel}","templated":true}]}}