{"id":1965,"date":"2022-12-14T12:48:00","date_gmt":"2022-12-14T12:48:00","guid":{"rendered":"https:\/\/global-mind-search.com\/valeurs\/"},"modified":"2023-11-10T12:45:36","modified_gmt":"2023-11-10T12:45:36","slug":"values","status":"publish","type":"page","link":"https:\/\/global-mind-search.com\/en\/values\/","title":{"rendered":"Values"},"content":{"rendered":"<h2>Notre\u00a0cabinet conseil en recrutement Global Mind Search\u00a0se positionne comme un partenaire, tant du c\u00f4t\u00e9 des candidats que des entreprises.<\/h2>\n<p><\/p>\n<p><!-- wp:heading {\"level\":3} --><\/p>\n<h3><img decoding=\"async\" class=\"alignright wp-image-2199 size-full\" src=\"https:\/\/global-mind-search.com\/wp-content\/uploads\/2022\/12\/Global-Mind-Search-Recrutement-Europe.jpg\" alt=\"Values\" width=\"450\" height=\"600\" srcset=\"https:\/\/global-mind-search.com\/wp-content\/uploads\/2022\/12\/Global-Mind-Search-Recrutement-Europe.jpg 450w, https:\/\/global-mind-search.com\/wp-content\/uploads\/2022\/12\/Global-Mind-Search-Recrutement-Europe-225x300.jpg 225w\" sizes=\"(max-width: 450px) 100vw, 450px\" \/><\/h3>\n<h3>Nous vous accompagnons dans vos d\u00e9marches respectives, dans une exigence permanente d\u2019efficacit\u00e9 et de r\u00e9sultat.<\/h3>\n<p><\/p>\n<p><!-- wp:heading {\"level\":4} --><\/p>\n<h4>Nous sommes particuli\u00e8rement attach\u00e9s aux quatre valeurs suivantes :<\/h4>\n<p><\/p>\n<p><!-- wp:list --><\/p>\n<ul><!-- wp:list-item --><\/p>\n<li><strong>La Pertinence<\/strong> Cette valeur symbolise le bien-fond\u00e9 du choix d\u2019une strat\u00e9gie de recrutement et des conseils que nous pouvons d\u00e9livrer. Nous nous devons d\u2019apporter une plus-value, qu\u2019elle soit relative \u00e0 un choix de carri\u00e8re ou \u00e0 une pr\u00e9conisation d\u2019embauche.<\/li>\n<p><\/p>\n<p><!-- wp:list-item --><\/p>\n<li><strong>La Transparence<\/strong> Global Mind Search s\u2019engage \u00e0 privil\u00e9gier une transparence compl\u00e8te, avec l\u2019ensemble des acteurs en pr\u00e9sence, candidats, clients et\u00a0<a href=\"https:\/\/global-mind-search.com\/partenaires\/\">partenaires<\/a>\u00a0externes. Durant toutes les \u00e9tapes du processus de recrutement, nous assurons une communication r\u00e9guli\u00e8re, qui permet un suivi de qualit\u00e9 pour l\u2019ensemble des parties prenantes.<\/li>\n<p><\/p>\n<p><!-- wp:list-item --><\/p>\n<li><strong>L\u2019Efficacit\u00e9<\/strong> L\u2019Efficacit\u00e9 est notre leitmotiv : nous concentrons nos efforts vers un seul objectif : la satisfaction de nos partenaires candidats et\u00a0<a href=\"https:\/\/www.global-mind-search.com\/references-clients-recrutement\/\">clients<\/a>.<\/li>\n<p><\/p>\n<p><!-- wp:list-item --><\/p>\n<li><strong>L\u2019Engagement<\/strong> C\u2019est par un\u00a0<a href=\"https:\/\/global-mind-search.com\/engagements\/\">engagement<\/a> de tous les instants que nous pouvons apporter une plus-value et une qualit\u00e9 \u00e9lev\u00e9e. Global Mind Search se donne l\u2019objectif de respecter les engagements pris, notamment en mati\u00e8re de confidentialit\u00e9, de r\u00e9sultat et de d\u00e9lai. Le sens de l\u2019initiative, la capacit\u00e9 \u00e0 prendre des d\u00e9cisions de mani\u00e8re r\u00e9active sont autant d\u2019\u00e9l\u00e9ments qui concourent \u00e0 un engagement complet.<\/li>\n<\/ul>\n<blockquote>\n<p><strong><em>&#8220;Global Mind Search s\u2019engage \u00e0 respecter les lois contre les discriminations et \u00e0 pr\u00f4ner la diversit\u00e9 au c\u0153ur de l\u2019entreprise.&#8221;<\/em><\/strong><\/p>\n<\/blockquote>\n","protected":false},"excerpt":{"rendered":"<p>Notre\u00a0cabinet conseil en recrutement Global Mind Search\u00a0se positionne comme un partenaire, tant du c\u00f4t\u00e9 des candidats que des entreprises. Nous vous accompagnons dans vos d\u00e9marches respectives, dans une exigence permanente d\u2019efficacit\u00e9 et de r\u00e9sultat. Nous sommes particuli\u00e8rement attach\u00e9s aux quatre valeurs suivantes : La Pertinence Cette valeur symbolise le bien-fond\u00e9 du choix d\u2019une strat\u00e9gie de [&hellip;]<\/p>\n","protected":false},"author":1,"featured_media":0,"parent":0,"menu_order":18,"comment_status":"closed","ping_status":"closed","template":"","meta":{"_acf_changed":false,"footnotes":""},"class_list":["post-1965","page","type-page","status-publish","hentry"],"acf":[],"yoast_head":"\n<title>Values | Global Mind Search<\/title>\n<meta name=\"description\" content=\"Our\u00a0recruitment consulting firm Global Mind Search\u00a0positions itself as a partner to both candidates and companies.\" \/>\n<meta name=\"robots\" content=\"index, follow, max-snippet:-1, max-image-preview:large, max-video-preview:-1\" \/>\n<link rel=\"canonical\" href=\"https:\/\/global-mind-search.com\/en\/values\/\" \/>\n<meta property=\"og:locale\" content=\"en_US\" \/>\n<meta property=\"og:type\" content=\"article\" \/>\n<meta property=\"og:title\" content=\"Values | Global Mind Search\" \/>\n<meta property=\"og:description\" content=\"Our\u00a0recruitment consulting firm Global Mind Search\u00a0positions itself as a partner to both candidates and companies.\" \/>\n<meta property=\"og:url\" content=\"https:\/\/global-mind-search.com\/en\/values\/\" \/>\n<meta property=\"og:site_name\" content=\"Global Mind Search | Cabinet de recrutement | St\u00e9phane Glaser\" \/>\n<meta property=\"article:modified_time\" content=\"2023-11-10T12:45:36+00:00\" \/>\n<meta property=\"og:image\" content=\"https:\/\/global-mind-search.com\/wp-content\/uploads\/2022\/12\/Global-Mind-Search-Recrutement-Europe.jpg\" \/>\n<meta name=\"twitter:card\" content=\"summary_large_image\" \/>\n<meta name=\"twitter:label1\" content=\"Est. reading time\" \/>\n\t<meta name=\"twitter:data1\" content=\"2 minutes\" \/>\n<script type=\"application\/ld+json\" class=\"yoast-schema-graph\">{\"@context\":\"https:\/\/schema.org\",\"@graph\":[{\"@type\":\"WebPage\",\"@id\":\"https:\/\/global-mind-search.com\/en\/values\/\",\"url\":\"https:\/\/global-mind-search.com\/en\/values\/\",\"name\":\"Values | Global Mind Search\",\"isPartOf\":{\"@id\":\"https:\/\/global-mind-search.com\/#website\"},\"datePublished\":\"2022-12-14T12:48:00+00:00\",\"dateModified\":\"2023-11-10T12:45:36+00:00\",\"description\":\"Our\u00a0recruitment consulting firm Global Mind Search\u00a0positions itself as a partner to both candidates and companies.\",\"breadcrumb\":{\"@id\":\"https:\/\/global-mind-search.com\/en\/values\/#breadcrumb\"},\"inLanguage\":\"en-US\",\"potentialAction\":[{\"@type\":\"ReadAction\",\"target\":[\"https:\/\/global-mind-search.com\/en\/values\/\"]}]},{\"@type\":\"BreadcrumbList\",\"@id\":\"https:\/\/global-mind-search.com\/en\/values\/#breadcrumb\",\"itemListElement\":[{\"@type\":\"ListItem\",\"position\":1,\"name\":\"Accueil\",\"item\":\"https:\/\/global-mind-search.com\/en\/\"},{\"@type\":\"ListItem\",\"position\":2,\"name\":\"Values\"}]},{\"@type\":\"WebSite\",\"@id\":\"https:\/\/global-mind-search.com\/#website\",\"url\":\"https:\/\/global-mind-search.com\/\",\"name\":\"Global Mind Search | Cabinet de recrutement | St\u00e9phane Glaser\",\"description\":\"Cabinet de conseil en recrutement par approche directe de cadres confirm\u00e9s et dirigeants, en France, Suisse, Allemagne, Belgique, Luxembourg\",\"publisher\":{\"@id\":\"https:\/\/global-mind-search.com\/#organization\"},\"alternateName\":\"Cabinet de conseil en recrutement par approche directe de cadres confirm\u00e9s et dirigeants, en France, Suisse, Allemagne, Belgique, Luxembourg\",\"potentialAction\":[{\"@type\":\"SearchAction\",\"target\":{\"@type\":\"EntryPoint\",\"urlTemplate\":\"https:\/\/global-mind-search.com\/?s={search_term_string}\"},\"query-input\":\"required name=search_term_string\"}],\"inLanguage\":\"en-US\"},{\"@type\":\"Organization\",\"@id\":\"https:\/\/global-mind-search.com\/#organization\",\"name\":\"Global Mind Search | Cabinet de recrutement | St\u00e9phane Glaser\",\"alternateName\":\"Cabinet de conseil en recrutement par approche directe de cadres confirm\u00e9s et dirigeants, en France, Suisse, Allemagne, Belgique, Luxembourg\",\"url\":\"https:\/\/global-mind-search.com\/\",\"logo\":{\"@type\":\"ImageObject\",\"inLanguage\":\"en-US\",\"@id\":\"https:\/\/global-mind-search.com\/#\/schema\/logo\/image\/\",\"url\":\"https:\/\/global-mind-search.com\/wp-content\/uploads\/2022\/12\/GMS-recrutement-bureau-Strasbourg.jpg\",\"contentUrl\":\"https:\/\/global-mind-search.com\/wp-content\/uploads\/2022\/12\/GMS-recrutement-bureau-Strasbourg.jpg\",\"width\":450,\"height\":300,\"caption\":\"Global Mind Search | Cabinet de recrutement | St\u00e9phane Glaser\"},\"image\":{\"@id\":\"https:\/\/global-mind-search.com\/#\/schema\/logo\/image\/\"}}]}<\/script>\n","yoast_head_json":{"title":"Values | Global Mind Search","description":"Our\u00a0recruitment consulting firm Global Mind Search\u00a0positions itself as a partner to both candidates and companies.","robots":{"index":"index","follow":"follow","max-snippet":"max-snippet:-1","max-image-preview":"max-image-preview:large","max-video-preview":"max-video-preview:-1"},"canonical":"https:\/\/global-mind-search.com\/en\/values\/","og_locale":"en_US","og_type":"article","og_title":"Values | Global Mind Search","og_description":"Our\u00a0recruitment consulting firm Global Mind Search\u00a0positions itself as a partner to both candidates and companies.","og_url":"https:\/\/global-mind-search.com\/en\/values\/","og_site_name":"Global Mind Search | Cabinet de recrutement | St\u00e9phane Glaser","article_modified_time":"2023-11-10T12:45:36+00:00","og_image":[{"url":"https:\/\/global-mind-search.com\/wp-content\/uploads\/2022\/12\/Global-Mind-Search-Recrutement-Europe.jpg"}],"twitter_card":"summary_large_image","twitter_misc":{"Est. reading time":"2 minutes"},"schema":{"@context":"https:\/\/schema.org","@graph":[{"@type":"WebPage","@id":"https:\/\/global-mind-search.com\/en\/values\/","url":"https:\/\/global-mind-search.com\/en\/values\/","name":"Values | Global Mind Search","isPartOf":{"@id":"https:\/\/global-mind-search.com\/#website"},"datePublished":"2022-12-14T12:48:00+00:00","dateModified":"2023-11-10T12:45:36+00:00","description":"Our\u00a0recruitment consulting firm Global Mind Search\u00a0positions itself as a partner to both candidates and companies.","breadcrumb":{"@id":"https:\/\/global-mind-search.com\/en\/values\/#breadcrumb"},"inLanguage":"en-US","potentialAction":[{"@type":"ReadAction","target":["https:\/\/global-mind-search.com\/en\/values\/"]}]},{"@type":"BreadcrumbList","@id":"https:\/\/global-mind-search.com\/en\/values\/#breadcrumb","itemListElement":[{"@type":"ListItem","position":1,"name":"Accueil","item":"https:\/\/global-mind-search.com\/en\/"},{"@type":"ListItem","position":2,"name":"Values"}]},{"@type":"WebSite","@id":"https:\/\/global-mind-search.com\/#website","url":"https:\/\/global-mind-search.com\/","name":"Global Mind Search | Cabinet de recrutement | St\u00e9phane Glaser","description":"Cabinet de conseil en recrutement par approche directe de cadres confirm\u00e9s et dirigeants, en France, Suisse, Allemagne, Belgique, Luxembourg","publisher":{"@id":"https:\/\/global-mind-search.com\/#organization"},"alternateName":"Cabinet de conseil en recrutement par approche directe de cadres confirm\u00e9s et dirigeants, en France, Suisse, Allemagne, Belgique, Luxembourg","potentialAction":[{"@type":"SearchAction","target":{"@type":"EntryPoint","urlTemplate":"https:\/\/global-mind-search.com\/?s={search_term_string}"},"query-input":"required name=search_term_string"}],"inLanguage":"en-US"},{"@type":"Organization","@id":"https:\/\/global-mind-search.com\/#organization","name":"Global Mind Search | Cabinet de recrutement | St\u00e9phane Glaser","alternateName":"Cabinet de conseil en recrutement par approche directe de cadres confirm\u00e9s et dirigeants, en France, Suisse, Allemagne, Belgique, Luxembourg","url":"https:\/\/global-mind-search.com\/","logo":{"@type":"ImageObject","inLanguage":"en-US","@id":"https:\/\/global-mind-search.com\/#\/schema\/logo\/image\/","url":"https:\/\/global-mind-search.com\/wp-content\/uploads\/2022\/12\/GMS-recrutement-bureau-Strasbourg.jpg","contentUrl":"https:\/\/global-mind-search.com\/wp-content\/uploads\/2022\/12\/GMS-recrutement-bureau-Strasbourg.jpg","width":450,"height":300,"caption":"Global Mind Search | Cabinet de recrutement | St\u00e9phane Glaser"},"image":{"@id":"https:\/\/global-mind-search.com\/#\/schema\/logo\/image\/"}}]}},"_links":{"self":[{"href":"https:\/\/global-mind-search.com\/en\/wp-json\/wp\/v2\/pages\/1965","targetHints":{"allow":["GET"]}}],"collection":[{"href":"https:\/\/global-mind-search.com\/en\/wp-json\/wp\/v2\/pages"}],"about":[{"href":"https:\/\/global-mind-search.com\/en\/wp-json\/wp\/v2\/types\/page"}],"author":[{"embeddable":true,"href":"https:\/\/global-mind-search.com\/en\/wp-json\/wp\/v2\/users\/1"}],"replies":[{"embeddable":true,"href":"https:\/\/global-mind-search.com\/en\/wp-json\/wp\/v2\/comments?post=1965"}],"version-history":[{"count":0,"href":"https:\/\/global-mind-search.com\/en\/wp-json\/wp\/v2\/pages\/1965\/revisions"}],"wp:attachment":[{"href":"https:\/\/global-mind-search.com\/en\/wp-json\/wp\/v2\/media?parent=1965"}],"curies":[{"name":"wp","href":"https:\/\/api.w.org\/{rel}","templated":true}]}}