{"id":1774,"date":"2022-11-22T13:27:17","date_gmt":"2022-11-22T13:27:17","guid":{"rendered":"https:\/\/global-mind-search.com\/partenaires\/"},"modified":"2023-11-10T12:44:49","modified_gmt":"2023-11-10T12:44:49","slug":"partners","status":"publish","type":"page","link":"https:\/\/global-mind-search.com\/en\/partners\/","title":{"rendered":"Partners"},"content":{"rendered":"","protected":false},"excerpt":{"rendered":"","protected":false},"author":1,"featured_media":0,"parent":0,"menu_order":37,"comment_status":"closed","ping_status":"closed","template":"page-partenaires.php","meta":{"_acf_changed":false,"footnotes":""},"class_list":["post-1774","page","type-page","status-publish","hentry"],"acf":[],"yoast_head":"\n<title>Partners | Cabinet de recrutement \u00e0 Strasbourg<\/title>\n<meta name=\"description\" content=\"Cabinet de recrutement, chasseur de t\u00eate \u00e0 Strasbourg, Paris pour la France, l&#039;Allemagne, l&#039;Autriche, la Belgique, le Luxembourg et la Suisse pour l&#039;Europe.\" \/>\n<meta name=\"robots\" content=\"index, follow, max-snippet:-1, max-image-preview:large, max-video-preview:-1\" \/>\n<link rel=\"canonical\" href=\"https:\/\/global-mind-search.com\/en\/partners\/\" \/>\n<meta property=\"og:locale\" content=\"en_US\" \/>\n<meta property=\"og:type\" content=\"article\" \/>\n<meta property=\"og:title\" content=\"Partners | Cabinet de recrutement \u00e0 Strasbourg\" \/>\n<meta property=\"og:description\" content=\"Cabinet de recrutement, chasseur de t\u00eate \u00e0 Strasbourg, Paris pour la France, l&#039;Allemagne, l&#039;Autriche, la Belgique, le Luxembourg et la Suisse pour l&#039;Europe.\" \/>\n<meta property=\"og:url\" content=\"https:\/\/global-mind-search.com\/en\/partners\/\" \/>\n<meta property=\"og:site_name\" content=\"Global Mind Search | Cabinet de recrutement | St\u00e9phane Glaser\" \/>\n<meta property=\"article:modified_time\" content=\"2023-11-10T12:44:49+00:00\" \/>\n<meta name=\"twitter:card\" content=\"summary_large_image\" \/>\n<script type=\"application\/ld+json\" class=\"yoast-schema-graph\">{\"@context\":\"https:\/\/schema.org\",\"@graph\":[{\"@type\":\"WebPage\",\"@id\":\"https:\/\/global-mind-search.com\/en\/partners\/\",\"url\":\"https:\/\/global-mind-search.com\/en\/partners\/\",\"name\":\"Partners | Cabinet de recrutement \u00e0 Strasbourg\",\"isPartOf\":{\"@id\":\"https:\/\/global-mind-search.com\/#website\"},\"datePublished\":\"2022-11-22T13:27:17+00:00\",\"dateModified\":\"2023-11-10T12:44:49+00:00\",\"description\":\"Cabinet de recrutement, chasseur de t\u00eate \u00e0 Strasbourg, Paris pour la France, l'Allemagne, l'Autriche, la Belgique, le Luxembourg et la Suisse pour l'Europe.\",\"breadcrumb\":{\"@id\":\"https:\/\/global-mind-search.com\/en\/partners\/#breadcrumb\"},\"inLanguage\":\"en-US\",\"potentialAction\":[{\"@type\":\"ReadAction\",\"target\":[\"https:\/\/global-mind-search.com\/en\/partners\/\"]}]},{\"@type\":\"BreadcrumbList\",\"@id\":\"https:\/\/global-mind-search.com\/en\/partners\/#breadcrumb\",\"itemListElement\":[{\"@type\":\"ListItem\",\"position\":1,\"name\":\"Accueil\",\"item\":\"https:\/\/global-mind-search.com\/en\/\"},{\"@type\":\"ListItem\",\"position\":2,\"name\":\"Partners\"}]},{\"@type\":\"WebSite\",\"@id\":\"https:\/\/global-mind-search.com\/#website\",\"url\":\"https:\/\/global-mind-search.com\/\",\"name\":\"Global Mind Search | Cabinet de recrutement | St\u00e9phane Glaser\",\"description\":\"Cabinet de conseil en recrutement par approche directe de cadres confirm\u00e9s et dirigeants, en France, Suisse, Allemagne, Belgique, Luxembourg\",\"publisher\":{\"@id\":\"https:\/\/global-mind-search.com\/#organization\"},\"alternateName\":\"Cabinet de conseil en recrutement par approche directe de cadres confirm\u00e9s et dirigeants, en France, Suisse, Allemagne, Belgique, Luxembourg\",\"potentialAction\":[{\"@type\":\"SearchAction\",\"target\":{\"@type\":\"EntryPoint\",\"urlTemplate\":\"https:\/\/global-mind-search.com\/?s={search_term_string}\"},\"query-input\":\"required name=search_term_string\"}],\"inLanguage\":\"en-US\"},{\"@type\":\"Organization\",\"@id\":\"https:\/\/global-mind-search.com\/#organization\",\"name\":\"Global Mind Search | Cabinet de recrutement | St\u00e9phane Glaser\",\"alternateName\":\"Cabinet de conseil en recrutement par approche directe de cadres confirm\u00e9s et dirigeants, en France, Suisse, Allemagne, Belgique, Luxembourg\",\"url\":\"https:\/\/global-mind-search.com\/\",\"logo\":{\"@type\":\"ImageObject\",\"inLanguage\":\"en-US\",\"@id\":\"https:\/\/global-mind-search.com\/#\/schema\/logo\/image\/\",\"url\":\"https:\/\/global-mind-search.com\/wp-content\/uploads\/2022\/12\/GMS-recrutement-bureau-Strasbourg.jpg\",\"contentUrl\":\"https:\/\/global-mind-search.com\/wp-content\/uploads\/2022\/12\/GMS-recrutement-bureau-Strasbourg.jpg\",\"width\":450,\"height\":300,\"caption\":\"Global Mind Search | Cabinet de recrutement | St\u00e9phane Glaser\"},\"image\":{\"@id\":\"https:\/\/global-mind-search.com\/#\/schema\/logo\/image\/\"}}]}<\/script>\n","yoast_head_json":{"title":"Partners | Cabinet de recrutement \u00e0 Strasbourg","description":"Cabinet de recrutement, chasseur de t\u00eate \u00e0 Strasbourg, Paris pour la France, l'Allemagne, l'Autriche, la Belgique, le Luxembourg et la Suisse pour l'Europe.","robots":{"index":"index","follow":"follow","max-snippet":"max-snippet:-1","max-image-preview":"max-image-preview:large","max-video-preview":"max-video-preview:-1"},"canonical":"https:\/\/global-mind-search.com\/en\/partners\/","og_locale":"en_US","og_type":"article","og_title":"Partners | Cabinet de recrutement \u00e0 Strasbourg","og_description":"Cabinet de recrutement, chasseur de t\u00eate \u00e0 Strasbourg, Paris pour la France, l'Allemagne, l'Autriche, la Belgique, le Luxembourg et la Suisse pour l'Europe.","og_url":"https:\/\/global-mind-search.com\/en\/partners\/","og_site_name":"Global Mind Search | Cabinet de recrutement | St\u00e9phane Glaser","article_modified_time":"2023-11-10T12:44:49+00:00","twitter_card":"summary_large_image","schema":{"@context":"https:\/\/schema.org","@graph":[{"@type":"WebPage","@id":"https:\/\/global-mind-search.com\/en\/partners\/","url":"https:\/\/global-mind-search.com\/en\/partners\/","name":"Partners | Cabinet de recrutement \u00e0 Strasbourg","isPartOf":{"@id":"https:\/\/global-mind-search.com\/#website"},"datePublished":"2022-11-22T13:27:17+00:00","dateModified":"2023-11-10T12:44:49+00:00","description":"Cabinet de recrutement, chasseur de t\u00eate \u00e0 Strasbourg, Paris pour la France, l'Allemagne, l'Autriche, la Belgique, le Luxembourg et la Suisse pour l'Europe.","breadcrumb":{"@id":"https:\/\/global-mind-search.com\/en\/partners\/#breadcrumb"},"inLanguage":"en-US","potentialAction":[{"@type":"ReadAction","target":["https:\/\/global-mind-search.com\/en\/partners\/"]}]},{"@type":"BreadcrumbList","@id":"https:\/\/global-mind-search.com\/en\/partners\/#breadcrumb","itemListElement":[{"@type":"ListItem","position":1,"name":"Accueil","item":"https:\/\/global-mind-search.com\/en\/"},{"@type":"ListItem","position":2,"name":"Partners"}]},{"@type":"WebSite","@id":"https:\/\/global-mind-search.com\/#website","url":"https:\/\/global-mind-search.com\/","name":"Global Mind Search | Cabinet de recrutement | St\u00e9phane Glaser","description":"Cabinet de conseil en recrutement par approche directe de cadres confirm\u00e9s et dirigeants, en France, Suisse, Allemagne, Belgique, Luxembourg","publisher":{"@id":"https:\/\/global-mind-search.com\/#organization"},"alternateName":"Cabinet de conseil en recrutement par approche directe de cadres confirm\u00e9s et dirigeants, en France, Suisse, Allemagne, Belgique, Luxembourg","potentialAction":[{"@type":"SearchAction","target":{"@type":"EntryPoint","urlTemplate":"https:\/\/global-mind-search.com\/?s={search_term_string}"},"query-input":"required name=search_term_string"}],"inLanguage":"en-US"},{"@type":"Organization","@id":"https:\/\/global-mind-search.com\/#organization","name":"Global Mind Search | Cabinet de recrutement | St\u00e9phane Glaser","alternateName":"Cabinet de conseil en recrutement par approche directe de cadres confirm\u00e9s et dirigeants, en France, Suisse, Allemagne, Belgique, Luxembourg","url":"https:\/\/global-mind-search.com\/","logo":{"@type":"ImageObject","inLanguage":"en-US","@id":"https:\/\/global-mind-search.com\/#\/schema\/logo\/image\/","url":"https:\/\/global-mind-search.com\/wp-content\/uploads\/2022\/12\/GMS-recrutement-bureau-Strasbourg.jpg","contentUrl":"https:\/\/global-mind-search.com\/wp-content\/uploads\/2022\/12\/GMS-recrutement-bureau-Strasbourg.jpg","width":450,"height":300,"caption":"Global Mind Search | Cabinet de recrutement | St\u00e9phane Glaser"},"image":{"@id":"https:\/\/global-mind-search.com\/#\/schema\/logo\/image\/"}}]}},"_links":{"self":[{"href":"https:\/\/global-mind-search.com\/en\/wp-json\/wp\/v2\/pages\/1774","targetHints":{"allow":["GET"]}}],"collection":[{"href":"https:\/\/global-mind-search.com\/en\/wp-json\/wp\/v2\/pages"}],"about":[{"href":"https:\/\/global-mind-search.com\/en\/wp-json\/wp\/v2\/types\/page"}],"author":[{"embeddable":true,"href":"https:\/\/global-mind-search.com\/en\/wp-json\/wp\/v2\/users\/1"}],"replies":[{"embeddable":true,"href":"https:\/\/global-mind-search.com\/en\/wp-json\/wp\/v2\/comments?post=1774"}],"version-history":[{"count":0,"href":"https:\/\/global-mind-search.com\/en\/wp-json\/wp\/v2\/pages\/1774\/revisions"}],"wp:attachment":[{"href":"https:\/\/global-mind-search.com\/en\/wp-json\/wp\/v2\/media?parent=1774"}],"curies":[{"name":"wp","href":"https:\/\/api.w.org\/{rel}","templated":true}]}}