{"id":1768,"date":"2022-11-28T13:00:24","date_gmt":"2022-11-28T13:00:24","guid":{"rendered":"https:\/\/global-mind-search.com\/mentions-legales\/"},"modified":"2023-11-10T12:45:05","modified_gmt":"2023-11-10T12:45:05","slug":"terms-conditions","status":"publish","type":"page","link":"https:\/\/global-mind-search.com\/en\/terms-conditions\/","title":{"rendered":"Terms &#038; Conditions"},"content":{"rendered":"<p>La consultation de ce site internet suppose l\u2019acceptation pleine et sans r\u00e9serves des mentions suivantes.<\/p>\n<h2>Propri\u00e9t\u00e9 du site<\/h2>\n<p>Le site est la propri\u00e9t\u00e9 de St\u00e9phane Glaser<\/p>\n<h2>Si\u00e8ge social<\/h2>\n<p>Global Mind Search<br \/>\nR\u00e9sidence St Thomas<br \/>\nPlace St Thomas 2 rue Salzmann<br \/>\n67000 Strasbourg, France<br \/>\n+33(0)3 88 21 91 86<\/p>\n<h2>D\u00e9veloppement du site<\/h2>\n<p>Le site <a href=\"https:\/\/global-mind-search.com\/\">https:\/\/global-mind-search.com<\/a> est d\u00e9velopp\u00e9 et maintenu par la soci\u00e9t\u00e9 <strong>Mediweb<\/strong>.<br \/>\nMediweb<br \/>\n32,\u00a0boulevard du Pr\u00e9sident Poincar\u00e9<br \/>\n67000 Strasbourg<br \/>\n<a href=\"https:\/\/mediweb.fr\/\" target=\"_blank\" rel=\"noreferrer noopener\">www.mediweb.fr<\/a><\/p>\n<h2>H\u00e9bergement du site<\/h2>\n<p>Le site <a href=\"https:\/\/global-mind-search.com\/\">https:\/\/global-mind-search.com<\/a> est h\u00e9berg\u00e9 par la soci\u00e9t\u00e9 :<br \/>\nHetzner Online GmbH Industriestr.<br \/>\n25 91710 Gunzenhausen<br \/>\nAllemagne<\/p>\n<h2>\u00c9diteur du site<\/h2>\n<p>Le contenu du site <a href=\"https:\/\/global-mind-search.com\">https:\/\/global-mind-search.com<\/a> \u00a0est \u00e9dit\u00e9 par St\u00e9phane Glaser qui assure le r\u00f4le de Directeur de la Publication.<\/p>\n<h2>Propri\u00e9t\u00e9 intellectuelle<\/h2>\n<p>St\u00e9phane Glaser est propri\u00e9taire de la structure et de tous les contenus disponibles du site <a href=\"https:\/\/global-mind-search.com\">https:\/\/global-mind-search.com<\/a>\u00a0: textes, images, illustrations, logos, fichiers et bases de donn\u00e9es. Toute reproduction ou distribution, totale ou partielle, sans autorisation pr\u00e9alable est strictement interdite.<\/p>\n","protected":false},"excerpt":{"rendered":"<p>La consultation de ce site internet suppose l\u2019acceptation pleine et sans r\u00e9serves des mentions suivantes. Propri\u00e9t\u00e9 du site Le site est la propri\u00e9t\u00e9 de St\u00e9phane Glaser Si\u00e8ge social Global Mind Search R\u00e9sidence St Thomas Place St Thomas 2 rue Salzmann 67000 Strasbourg, France +33(0)3 88 21 91 86 D\u00e9veloppement du site Le site https:\/\/global-mind-search.com est [&hellip;]<\/p>\n","protected":false},"author":1,"featured_media":2255,"parent":0,"menu_order":34,"comment_status":"closed","ping_status":"closed","template":"","meta":{"_acf_changed":false,"footnotes":""},"class_list":["post-1768","page","type-page","status-publish","has-post-thumbnail","hentry"],"acf":[],"yoast_head":"\n<title>Terms &amp; Conditions | Global Mind Search | Cabinet de recrutement | St\u00e9phane Glaser<\/title>\n<meta name=\"robots\" content=\"index, follow, max-snippet:-1, max-image-preview:large, max-video-preview:-1\" \/>\n<link rel=\"canonical\" href=\"https:\/\/global-mind-search.com\/en\/terms-conditions\/\" \/>\n<meta property=\"og:locale\" content=\"en_US\" \/>\n<meta property=\"og:type\" content=\"article\" \/>\n<meta property=\"og:title\" content=\"Terms &amp; Conditions | Global Mind Search | Cabinet de recrutement | St\u00e9phane Glaser\" \/>\n<meta property=\"og:description\" content=\"La consultation de ce site internet suppose l\u2019acceptation pleine et sans r\u00e9serves des mentions suivantes. Propri\u00e9t\u00e9 du site Le site est la propri\u00e9t\u00e9 de St\u00e9phane Glaser Si\u00e8ge social Global Mind Search R\u00e9sidence St Thomas Place St Thomas 2 rue Salzmann 67000 Strasbourg, France +33(0)3 88 21 91 86 D\u00e9veloppement du site Le site https:\/\/global-mind-search.com est [&hellip;]\" \/>\n<meta property=\"og:url\" content=\"https:\/\/global-mind-search.com\/en\/terms-conditions\/\" \/>\n<meta property=\"og:site_name\" content=\"Global Mind Search | Cabinet de recrutement | St\u00e9phane Glaser\" \/>\n<meta property=\"article:modified_time\" content=\"2023-11-10T12:45:05+00:00\" \/>\n<meta property=\"og:image\" content=\"https:\/\/global-mind-search.com\/wp-content\/uploads\/2022\/12\/GMS-Specialiste-recrutement-France-Paris.jpg\" \/>\n\t<meta property=\"og:image:width\" content=\"450\" \/>\n\t<meta property=\"og:image:height\" content=\"300\" \/>\n\t<meta property=\"og:image:type\" content=\"image\/jpeg\" \/>\n<meta name=\"twitter:card\" content=\"summary_large_image\" \/>\n<meta name=\"twitter:label1\" content=\"Est. reading time\" \/>\n\t<meta name=\"twitter:data1\" content=\"1 minute\" \/>\n<script type=\"application\/ld+json\" class=\"yoast-schema-graph\">{\"@context\":\"https:\/\/schema.org\",\"@graph\":[{\"@type\":\"WebPage\",\"@id\":\"https:\/\/global-mind-search.com\/en\/terms-conditions\/\",\"url\":\"https:\/\/global-mind-search.com\/en\/terms-conditions\/\",\"name\":\"Terms & Conditions | Global Mind Search | Cabinet de recrutement | St\u00e9phane Glaser\",\"isPartOf\":{\"@id\":\"https:\/\/global-mind-search.com\/#website\"},\"datePublished\":\"2022-11-28T13:00:24+00:00\",\"dateModified\":\"2023-11-10T12:45:05+00:00\",\"breadcrumb\":{\"@id\":\"https:\/\/global-mind-search.com\/en\/terms-conditions\/#breadcrumb\"},\"inLanguage\":\"en-US\",\"potentialAction\":[{\"@type\":\"ReadAction\",\"target\":[\"https:\/\/global-mind-search.com\/en\/terms-conditions\/\"]}]},{\"@type\":\"BreadcrumbList\",\"@id\":\"https:\/\/global-mind-search.com\/en\/terms-conditions\/#breadcrumb\",\"itemListElement\":[{\"@type\":\"ListItem\",\"position\":1,\"name\":\"Accueil\",\"item\":\"https:\/\/global-mind-search.com\/en\/\"},{\"@type\":\"ListItem\",\"position\":2,\"name\":\"Terms &#038; Conditions\"}]},{\"@type\":\"WebSite\",\"@id\":\"https:\/\/global-mind-search.com\/#website\",\"url\":\"https:\/\/global-mind-search.com\/\",\"name\":\"Global Mind Search | Cabinet de recrutement | St\u00e9phane Glaser\",\"description\":\"Cabinet de conseil en recrutement par approche directe de cadres confirm\u00e9s et dirigeants, en France, Suisse, Allemagne, Belgique, Luxembourg\",\"publisher\":{\"@id\":\"https:\/\/global-mind-search.com\/#organization\"},\"alternateName\":\"Cabinet de conseil en recrutement par approche directe de cadres confirm\u00e9s et dirigeants, en France, Suisse, Allemagne, Belgique, Luxembourg\",\"potentialAction\":[{\"@type\":\"SearchAction\",\"target\":{\"@type\":\"EntryPoint\",\"urlTemplate\":\"https:\/\/global-mind-search.com\/?s={search_term_string}\"},\"query-input\":\"required name=search_term_string\"}],\"inLanguage\":\"en-US\"},{\"@type\":\"Organization\",\"@id\":\"https:\/\/global-mind-search.com\/#organization\",\"name\":\"Global Mind Search | Cabinet de recrutement | St\u00e9phane Glaser\",\"alternateName\":\"Cabinet de conseil en recrutement par approche directe de cadres confirm\u00e9s et dirigeants, en France, Suisse, Allemagne, Belgique, Luxembourg\",\"url\":\"https:\/\/global-mind-search.com\/\",\"logo\":{\"@type\":\"ImageObject\",\"inLanguage\":\"en-US\",\"@id\":\"https:\/\/global-mind-search.com\/#\/schema\/logo\/image\/\",\"url\":\"https:\/\/global-mind-search.com\/wp-content\/uploads\/2022\/12\/GMS-recrutement-bureau-Strasbourg.jpg\",\"contentUrl\":\"https:\/\/global-mind-search.com\/wp-content\/uploads\/2022\/12\/GMS-recrutement-bureau-Strasbourg.jpg\",\"width\":450,\"height\":300,\"caption\":\"Global Mind Search | Cabinet de recrutement | St\u00e9phane Glaser\"},\"image\":{\"@id\":\"https:\/\/global-mind-search.com\/#\/schema\/logo\/image\/\"}}]}<\/script>\n","yoast_head_json":{"title":"Terms & Conditions | Global Mind Search | Cabinet de recrutement | St\u00e9phane Glaser","robots":{"index":"index","follow":"follow","max-snippet":"max-snippet:-1","max-image-preview":"max-image-preview:large","max-video-preview":"max-video-preview:-1"},"canonical":"https:\/\/global-mind-search.com\/en\/terms-conditions\/","og_locale":"en_US","og_type":"article","og_title":"Terms & Conditions | Global Mind Search | Cabinet de recrutement | St\u00e9phane Glaser","og_description":"La consultation de ce site internet suppose l\u2019acceptation pleine et sans r\u00e9serves des mentions suivantes. Propri\u00e9t\u00e9 du site Le site est la propri\u00e9t\u00e9 de St\u00e9phane Glaser Si\u00e8ge social Global Mind Search R\u00e9sidence St Thomas Place St Thomas 2 rue Salzmann 67000 Strasbourg, France +33(0)3 88 21 91 86 D\u00e9veloppement du site Le site https:\/\/global-mind-search.com est [&hellip;]","og_url":"https:\/\/global-mind-search.com\/en\/terms-conditions\/","og_site_name":"Global Mind Search | Cabinet de recrutement | St\u00e9phane Glaser","article_modified_time":"2023-11-10T12:45:05+00:00","og_image":[{"width":450,"height":300,"url":"https:\/\/global-mind-search.com\/wp-content\/uploads\/2022\/12\/GMS-Specialiste-recrutement-France-Paris.jpg","type":"image\/jpeg"}],"twitter_card":"summary_large_image","twitter_misc":{"Est. reading time":"1 minute"},"schema":{"@context":"https:\/\/schema.org","@graph":[{"@type":"WebPage","@id":"https:\/\/global-mind-search.com\/en\/terms-conditions\/","url":"https:\/\/global-mind-search.com\/en\/terms-conditions\/","name":"Terms & Conditions | Global Mind Search | Cabinet de recrutement | St\u00e9phane Glaser","isPartOf":{"@id":"https:\/\/global-mind-search.com\/#website"},"datePublished":"2022-11-28T13:00:24+00:00","dateModified":"2023-11-10T12:45:05+00:00","breadcrumb":{"@id":"https:\/\/global-mind-search.com\/en\/terms-conditions\/#breadcrumb"},"inLanguage":"en-US","potentialAction":[{"@type":"ReadAction","target":["https:\/\/global-mind-search.com\/en\/terms-conditions\/"]}]},{"@type":"BreadcrumbList","@id":"https:\/\/global-mind-search.com\/en\/terms-conditions\/#breadcrumb","itemListElement":[{"@type":"ListItem","position":1,"name":"Accueil","item":"https:\/\/global-mind-search.com\/en\/"},{"@type":"ListItem","position":2,"name":"Terms &#038; Conditions"}]},{"@type":"WebSite","@id":"https:\/\/global-mind-search.com\/#website","url":"https:\/\/global-mind-search.com\/","name":"Global Mind Search | Cabinet de recrutement | St\u00e9phane Glaser","description":"Cabinet de conseil en recrutement par approche directe de cadres confirm\u00e9s et dirigeants, en France, Suisse, Allemagne, Belgique, Luxembourg","publisher":{"@id":"https:\/\/global-mind-search.com\/#organization"},"alternateName":"Cabinet de conseil en recrutement par approche directe de cadres confirm\u00e9s et dirigeants, en France, Suisse, Allemagne, Belgique, Luxembourg","potentialAction":[{"@type":"SearchAction","target":{"@type":"EntryPoint","urlTemplate":"https:\/\/global-mind-search.com\/?s={search_term_string}"},"query-input":"required name=search_term_string"}],"inLanguage":"en-US"},{"@type":"Organization","@id":"https:\/\/global-mind-search.com\/#organization","name":"Global Mind Search | Cabinet de recrutement | St\u00e9phane Glaser","alternateName":"Cabinet de conseil en recrutement par approche directe de cadres confirm\u00e9s et dirigeants, en France, Suisse, Allemagne, Belgique, Luxembourg","url":"https:\/\/global-mind-search.com\/","logo":{"@type":"ImageObject","inLanguage":"en-US","@id":"https:\/\/global-mind-search.com\/#\/schema\/logo\/image\/","url":"https:\/\/global-mind-search.com\/wp-content\/uploads\/2022\/12\/GMS-recrutement-bureau-Strasbourg.jpg","contentUrl":"https:\/\/global-mind-search.com\/wp-content\/uploads\/2022\/12\/GMS-recrutement-bureau-Strasbourg.jpg","width":450,"height":300,"caption":"Global Mind Search | Cabinet de recrutement | St\u00e9phane Glaser"},"image":{"@id":"https:\/\/global-mind-search.com\/#\/schema\/logo\/image\/"}}]}},"_links":{"self":[{"href":"https:\/\/global-mind-search.com\/en\/wp-json\/wp\/v2\/pages\/1768","targetHints":{"allow":["GET"]}}],"collection":[{"href":"https:\/\/global-mind-search.com\/en\/wp-json\/wp\/v2\/pages"}],"about":[{"href":"https:\/\/global-mind-search.com\/en\/wp-json\/wp\/v2\/types\/page"}],"author":[{"embeddable":true,"href":"https:\/\/global-mind-search.com\/en\/wp-json\/wp\/v2\/users\/1"}],"replies":[{"embeddable":true,"href":"https:\/\/global-mind-search.com\/en\/wp-json\/wp\/v2\/comments?post=1768"}],"version-history":[{"count":0,"href":"https:\/\/global-mind-search.com\/en\/wp-json\/wp\/v2\/pages\/1768\/revisions"}],"wp:featuredmedia":[{"embeddable":true,"href":"https:\/\/global-mind-search.com\/en\/wp-json\/wp\/v2\/media\/2255"}],"wp:attachment":[{"href":"https:\/\/global-mind-search.com\/en\/wp-json\/wp\/v2\/media?parent=1768"}],"curies":[{"name":"wp","href":"https:\/\/api.w.org\/{rel}","templated":true}]}}