{"id":1747,"date":"2022-12-14T12:46:45","date_gmt":"2022-12-14T12:46:45","guid":{"rendered":"https:\/\/global-mind-search.com\/notre-equipe\/"},"modified":"2023-11-10T12:45:36","modified_gmt":"2023-11-10T12:45:36","slug":"founder","status":"publish","type":"page","link":"https:\/\/global-mind-search.com\/en\/founder\/","title":{"rendered":"Founder"},"content":{"rendered":"<h2>St\u00e9phane Glaser, fondateur et dirigeant<\/h2>\n<p><\/p>\n<p><!-- wp:paragraph --><\/p>\n<p>Dipl\u00f4m\u00e9 de l\u2019ICN (Institut Commercial de Nancy, 1995), avec un cycle compl\u00e9t\u00e9 \u00e0 la Copenhagen Business School (Master Gestion Internationale).<\/p>\n<p><img decoding=\"async\" class=\"wp-image-2116 alignright\" src=\"https:\/\/global-mind-search.com\/wp-content\/uploads\/2022\/11\/Global-Mind-Search-recrutement-Stephane-Glaser-225x300.jpg\" alt=\"Founder\" width=\"327\" height=\"436\" srcset=\"https:\/\/global-mind-search.com\/wp-content\/uploads\/2022\/11\/Global-Mind-Search-recrutement-Stephane-Glaser-225x300.jpg 225w, https:\/\/global-mind-search.com\/wp-content\/uploads\/2022\/11\/Global-Mind-Search-recrutement-Stephane-Glaser.jpg 450w\" sizes=\"(max-width: 327px) 100vw, 327px\" \/>Fondateur de Global Mind Search en 2009,\u00a0 St\u00e9phane Glaser cumule plus de 25 ans d\u2019exp\u00e9rience professionnelle dans le recrutement par approche directe de cadres confirm\u00e9s et dirigeants, en France, en Suisse et en Europe.<\/p>\n<p><\/p>\n<p><!-- wp:image {\"align\":\"right\",\"id\":647,\"sizeSlug\":\"full\",\"linkDestination\":\"none\"} \/--><\/p>\n<p><!-- wp:list --><\/p>\n<ul><!-- wp:list-item --><\/p>\n<li>D\u00e9bute son exp\u00e9rience professionnelle dans l\u2019industrie agro-alimentaire, au sein de groupes internationaux (Mars et Coca-Cola Entreprise), sur des fonctions commerciales et d\u2019encadrement d\u2019\u00e9quipes de vente. Fin 2000, St\u00e9phane Glaser rejoint le domaine du conseil en recrutement, o\u00f9 il va conna\u00eetre des environnements cabinets tant sur un plan local, national et international, avec des m\u00e9thodologies de recherche vari\u00e9es (approche directe et approche par base de donn\u00e9es et annonces).<\/li>\n<p><\/p>\n<p><!-- wp:list-item --><\/p>\n<li>Ces exp\u00e9riences lui ont permis de recruter une grande diversit\u00e9 de cadres, d\u2019experts et de dirigeants aupr\u00e8s de plusieurs secteurs d\u2019activit\u00e9s et sur diff\u00e9rents m\u00e9tiers tout en d\u00e9veloppant un r\u00e9seau \u00e9tendu en France comme en Europe.<\/li>\n<p><\/p>\n<p><!-- wp:list-item --><\/p>\n<li>C\u2019est fort de cette exp\u00e9rience que St\u00e9phane Glaser a souhait\u00e9 cr\u00e9er Global Mind Search, avec l\u2019objectif d\u2019accompagner candidats et entreprises dans leurs succ\u00e8s respectifs.<\/li>\n<\/ul>\n","protected":false},"excerpt":{"rendered":"<p>St\u00e9phane Glaser, fondateur et dirigeant Dipl\u00f4m\u00e9 de l\u2019ICN (Institut Commercial de Nancy, 1995), avec un cycle compl\u00e9t\u00e9 \u00e0 la Copenhagen Business School (Master Gestion Internationale). Fondateur de Global Mind Search en 2009,\u00a0 St\u00e9phane Glaser cumule plus de 25 ans d\u2019exp\u00e9rience professionnelle dans le recrutement par approche directe de cadres confirm\u00e9s et dirigeants, en France, en [&hellip;]<\/p>\n","protected":false},"author":1,"featured_media":2117,"parent":0,"menu_order":19,"comment_status":"closed","ping_status":"closed","template":"","meta":{"_acf_changed":false,"footnotes":""},"class_list":["post-1747","page","type-page","status-publish","has-post-thumbnail","hentry"],"acf":[],"yoast_head":"\n<title>Founder | St\u00e9phane Glaser | Global Mind Search<\/title>\n<meta name=\"description\" content=\"Notre cabinet conseil \u00e0 pour objectif d&#039;accompagner candidats et entreprises dans leurs succ\u00e8s respectifs.\" \/>\n<meta name=\"robots\" content=\"index, follow, max-snippet:-1, max-image-preview:large, max-video-preview:-1\" \/>\n<link rel=\"canonical\" href=\"https:\/\/global-mind-search.com\/en\/founder\/\" \/>\n<meta property=\"og:locale\" content=\"en_US\" \/>\n<meta property=\"og:type\" content=\"article\" \/>\n<meta property=\"og:title\" content=\"Founder | St\u00e9phane Glaser | Global Mind Search\" \/>\n<meta property=\"og:description\" content=\"Notre cabinet conseil \u00e0 pour objectif d&#039;accompagner candidats et entreprises dans leurs succ\u00e8s respectifs.\" \/>\n<meta property=\"og:url\" content=\"https:\/\/global-mind-search.com\/en\/founder\/\" \/>\n<meta property=\"og:site_name\" content=\"Global Mind Search | Cabinet de recrutement | St\u00e9phane Glaser\" \/>\n<meta property=\"article:modified_time\" content=\"2023-11-10T12:45:36+00:00\" \/>\n<meta property=\"og:image\" content=\"https:\/\/global-mind-search.com\/wp-content\/uploads\/2022\/11\/Global-Mind-Search-recrutement-Stephane-Glaser.jpg\" \/>\n\t<meta property=\"og:image:width\" content=\"450\" \/>\n\t<meta property=\"og:image:height\" content=\"600\" \/>\n\t<meta property=\"og:image:type\" content=\"image\/jpeg\" \/>\n<meta name=\"twitter:card\" content=\"summary_large_image\" \/>\n<meta name=\"twitter:label1\" content=\"Est. reading time\" \/>\n\t<meta name=\"twitter:data1\" content=\"2 minutes\" \/>\n<script type=\"application\/ld+json\" class=\"yoast-schema-graph\">{\"@context\":\"https:\/\/schema.org\",\"@graph\":[{\"@type\":\"WebPage\",\"@id\":\"https:\/\/global-mind-search.com\/en\/founder\/\",\"url\":\"https:\/\/global-mind-search.com\/en\/founder\/\",\"name\":\"Founder | St\u00e9phane Glaser | Global Mind Search\",\"isPartOf\":{\"@id\":\"https:\/\/global-mind-search.com\/#website\"},\"datePublished\":\"2022-12-14T12:46:45+00:00\",\"dateModified\":\"2023-11-10T12:45:36+00:00\",\"description\":\"Notre cabinet conseil \u00e0 pour objectif d'accompagner candidats et entreprises dans leurs succ\u00e8s respectifs.\",\"breadcrumb\":{\"@id\":\"https:\/\/global-mind-search.com\/en\/founder\/#breadcrumb\"},\"inLanguage\":\"en-US\",\"potentialAction\":[{\"@type\":\"ReadAction\",\"target\":[\"https:\/\/global-mind-search.com\/en\/founder\/\"]}]},{\"@type\":\"BreadcrumbList\",\"@id\":\"https:\/\/global-mind-search.com\/en\/founder\/#breadcrumb\",\"itemListElement\":[{\"@type\":\"ListItem\",\"position\":1,\"name\":\"Accueil\",\"item\":\"https:\/\/global-mind-search.com\/en\/\"},{\"@type\":\"ListItem\",\"position\":2,\"name\":\"Founder\"}]},{\"@type\":\"WebSite\",\"@id\":\"https:\/\/global-mind-search.com\/#website\",\"url\":\"https:\/\/global-mind-search.com\/\",\"name\":\"Global Mind Search | Cabinet de recrutement | St\u00e9phane Glaser\",\"description\":\"Cabinet de conseil en recrutement par approche directe de cadres confirm\u00e9s et dirigeants, en France, Suisse, Allemagne, Belgique, Luxembourg\",\"publisher\":{\"@id\":\"https:\/\/global-mind-search.com\/#organization\"},\"alternateName\":\"Cabinet de conseil en recrutement par approche directe de cadres confirm\u00e9s et dirigeants, en France, Suisse, Allemagne, Belgique, Luxembourg\",\"potentialAction\":[{\"@type\":\"SearchAction\",\"target\":{\"@type\":\"EntryPoint\",\"urlTemplate\":\"https:\/\/global-mind-search.com\/?s={search_term_string}\"},\"query-input\":\"required name=search_term_string\"}],\"inLanguage\":\"en-US\"},{\"@type\":\"Organization\",\"@id\":\"https:\/\/global-mind-search.com\/#organization\",\"name\":\"Global Mind Search | Cabinet de recrutement | St\u00e9phane Glaser\",\"alternateName\":\"Cabinet de conseil en recrutement par approche directe de cadres confirm\u00e9s et dirigeants, en France, Suisse, Allemagne, Belgique, Luxembourg\",\"url\":\"https:\/\/global-mind-search.com\/\",\"logo\":{\"@type\":\"ImageObject\",\"inLanguage\":\"en-US\",\"@id\":\"https:\/\/global-mind-search.com\/#\/schema\/logo\/image\/\",\"url\":\"https:\/\/global-mind-search.com\/wp-content\/uploads\/2022\/12\/GMS-recrutement-bureau-Strasbourg.jpg\",\"contentUrl\":\"https:\/\/global-mind-search.com\/wp-content\/uploads\/2022\/12\/GMS-recrutement-bureau-Strasbourg.jpg\",\"width\":450,\"height\":300,\"caption\":\"Global Mind Search | Cabinet de recrutement | St\u00e9phane Glaser\"},\"image\":{\"@id\":\"https:\/\/global-mind-search.com\/#\/schema\/logo\/image\/\"}}]}<\/script>\n","yoast_head_json":{"title":"Founder | St\u00e9phane Glaser | Global Mind Search","description":"Notre cabinet conseil \u00e0 pour objectif d'accompagner candidats et entreprises dans leurs succ\u00e8s respectifs.","robots":{"index":"index","follow":"follow","max-snippet":"max-snippet:-1","max-image-preview":"max-image-preview:large","max-video-preview":"max-video-preview:-1"},"canonical":"https:\/\/global-mind-search.com\/en\/founder\/","og_locale":"en_US","og_type":"article","og_title":"Founder | St\u00e9phane Glaser | Global Mind Search","og_description":"Notre cabinet conseil \u00e0 pour objectif d'accompagner candidats et entreprises dans leurs succ\u00e8s respectifs.","og_url":"https:\/\/global-mind-search.com\/en\/founder\/","og_site_name":"Global Mind Search | Cabinet de recrutement | St\u00e9phane Glaser","article_modified_time":"2023-11-10T12:45:36+00:00","og_image":[{"width":450,"height":600,"url":"https:\/\/global-mind-search.com\/wp-content\/uploads\/2022\/11\/Global-Mind-Search-recrutement-Stephane-Glaser.jpg","type":"image\/jpeg"}],"twitter_card":"summary_large_image","twitter_misc":{"Est. reading time":"2 minutes"},"schema":{"@context":"https:\/\/schema.org","@graph":[{"@type":"WebPage","@id":"https:\/\/global-mind-search.com\/en\/founder\/","url":"https:\/\/global-mind-search.com\/en\/founder\/","name":"Founder | St\u00e9phane Glaser | Global Mind Search","isPartOf":{"@id":"https:\/\/global-mind-search.com\/#website"},"datePublished":"2022-12-14T12:46:45+00:00","dateModified":"2023-11-10T12:45:36+00:00","description":"Notre cabinet conseil \u00e0 pour objectif d'accompagner candidats et entreprises dans leurs succ\u00e8s respectifs.","breadcrumb":{"@id":"https:\/\/global-mind-search.com\/en\/founder\/#breadcrumb"},"inLanguage":"en-US","potentialAction":[{"@type":"ReadAction","target":["https:\/\/global-mind-search.com\/en\/founder\/"]}]},{"@type":"BreadcrumbList","@id":"https:\/\/global-mind-search.com\/en\/founder\/#breadcrumb","itemListElement":[{"@type":"ListItem","position":1,"name":"Accueil","item":"https:\/\/global-mind-search.com\/en\/"},{"@type":"ListItem","position":2,"name":"Founder"}]},{"@type":"WebSite","@id":"https:\/\/global-mind-search.com\/#website","url":"https:\/\/global-mind-search.com\/","name":"Global Mind Search | Cabinet de recrutement | St\u00e9phane Glaser","description":"Cabinet de conseil en recrutement par approche directe de cadres confirm\u00e9s et dirigeants, en France, Suisse, Allemagne, Belgique, Luxembourg","publisher":{"@id":"https:\/\/global-mind-search.com\/#organization"},"alternateName":"Cabinet de conseil en recrutement par approche directe de cadres confirm\u00e9s et dirigeants, en France, Suisse, Allemagne, Belgique, Luxembourg","potentialAction":[{"@type":"SearchAction","target":{"@type":"EntryPoint","urlTemplate":"https:\/\/global-mind-search.com\/?s={search_term_string}"},"query-input":"required name=search_term_string"}],"inLanguage":"en-US"},{"@type":"Organization","@id":"https:\/\/global-mind-search.com\/#organization","name":"Global Mind Search | Cabinet de recrutement | St\u00e9phane Glaser","alternateName":"Cabinet de conseil en recrutement par approche directe de cadres confirm\u00e9s et dirigeants, en France, Suisse, Allemagne, Belgique, Luxembourg","url":"https:\/\/global-mind-search.com\/","logo":{"@type":"ImageObject","inLanguage":"en-US","@id":"https:\/\/global-mind-search.com\/#\/schema\/logo\/image\/","url":"https:\/\/global-mind-search.com\/wp-content\/uploads\/2022\/12\/GMS-recrutement-bureau-Strasbourg.jpg","contentUrl":"https:\/\/global-mind-search.com\/wp-content\/uploads\/2022\/12\/GMS-recrutement-bureau-Strasbourg.jpg","width":450,"height":300,"caption":"Global Mind Search | Cabinet de recrutement | St\u00e9phane Glaser"},"image":{"@id":"https:\/\/global-mind-search.com\/#\/schema\/logo\/image\/"}}]}},"_links":{"self":[{"href":"https:\/\/global-mind-search.com\/en\/wp-json\/wp\/v2\/pages\/1747","targetHints":{"allow":["GET"]}}],"collection":[{"href":"https:\/\/global-mind-search.com\/en\/wp-json\/wp\/v2\/pages"}],"about":[{"href":"https:\/\/global-mind-search.com\/en\/wp-json\/wp\/v2\/types\/page"}],"author":[{"embeddable":true,"href":"https:\/\/global-mind-search.com\/en\/wp-json\/wp\/v2\/users\/1"}],"replies":[{"embeddable":true,"href":"https:\/\/global-mind-search.com\/en\/wp-json\/wp\/v2\/comments?post=1747"}],"version-history":[{"count":0,"href":"https:\/\/global-mind-search.com\/en\/wp-json\/wp\/v2\/pages\/1747\/revisions"}],"wp:featuredmedia":[{"embeddable":true,"href":"https:\/\/global-mind-search.com\/en\/wp-json\/wp\/v2\/media\/2117"}],"wp:attachment":[{"href":"https:\/\/global-mind-search.com\/en\/wp-json\/wp\/v2\/media?parent=1747"}],"curies":[{"name":"wp","href":"https:\/\/api.w.org\/{rel}","templated":true}]}}