{"id":1740,"date":"2022-12-14T12:49:07","date_gmt":"2022-12-14T12:49:07","guid":{"rendered":"https:\/\/global-mind-search.com\/coaching-individuel\/"},"modified":"2023-11-10T12:45:35","modified_gmt":"2023-11-10T12:45:35","slug":"individual-coaching","status":"publish","type":"page","link":"https:\/\/global-mind-search.com\/en\/individual-coaching\/","title":{"rendered":"Individual coaching"},"content":{"rendered":"<h2>Au service du leadership, le cabinet de conseil en recrutement Global Mind Search est en mesure d\u2019accompagner les dirigeants et les managers pour atteindre leurs objectifs et trouver des solutions \u00e0 leurs questionnements.<\/h2>\n<p><\/p>\n<p><!-- wp:paragraph --><\/p>\n<h2><img decoding=\"async\" class=\"alignright wp-image-2197 size-full\" src=\"https:\/\/global-mind-search.com\/wp-content\/uploads\/2022\/12\/Global-Mind-Search-Recrutement-Allemagne.jpg\" alt=\"Individual coaching\" width=\"450\" height=\"600\" srcset=\"https:\/\/global-mind-search.com\/wp-content\/uploads\/2022\/12\/Global-Mind-Search-Recrutement-Allemagne.jpg 450w, https:\/\/global-mind-search.com\/wp-content\/uploads\/2022\/12\/Global-Mind-Search-Recrutement-Allemagne-225x300.jpg 225w\" sizes=\"(max-width: 450px) 100vw, 450px\" \/><\/h2>\n<h3>A savoir coacher les acteurs cl\u00e9s de l\u2019entreprise et leur permettre de d\u00e9velopper leur leadership, de gagner en efficacit\u00e9, d\u2019am\u00e9liorer leur performance manag\u00e9riale et d\u2019allier enjeux strat\u00e9giques et d\u00e9veloppement du capital humain.<\/h3>\n<p><\/p>\n<p><!-- wp:paragraph --><\/p>\n<p>Quelques exemples de missions de coaching :<\/p>\n<p><\/p>\n<p><!-- wp:list --><\/p>\n<ul><!-- wp:list-item --><\/p>\n<li>Evolution de carri\u00e8re, \u00e9largissement des responsabilit\u00e9s, prise de poste<\/li>\n<p><\/p>\n<p><!-- wp:list-item --><\/p>\n<li>D\u00e9veloppement du leadership et des comp\u00e9tences manag\u00e9riales : Animer, motiver, f\u00e9d\u00e9rer, responsabiliser, d\u00e9l\u00e9guer<\/li>\n<p><\/p>\n<p><!-- wp:list-item --><\/p>\n<li>D\u00e9veloppement du potentiel<\/li>\n<p><\/p>\n<p><!-- wp:list-item --><\/p>\n<li>D\u00e9veloppement de l\u2019efficacit\u00e9 relationnelle et personnelle en contexte professionnel<\/li>\n<p><\/p>\n<p><!-- wp:list-item --><\/p>\n<li>Gestion du stress et des \u00e9motions<\/li>\n<p><\/p>\n<p><!-- wp:list-item --><\/p>\n<li>Gestion et ma\u00eetrise du temps<\/li>\n<p><\/p>\n<p><!-- wp:list-item --><\/p>\n<li>Autres missions sur mesure<\/li>\n<p><\/ul>\n<p><\/p>\n<p><!-- wp:paragraph --><\/p>\n<hr \/>\n<h4>Par son exp\u00e9rience professionnelle dans le domaine militaire, notre coach certifi\u00e9 franco-allemand\u00a0<a href=\"https:\/\/global-mind-search.com\/equipe\/\">Fabrice JAOUEN<\/a>\u00a0est votre interlocuteur de choix pour vous accompagner dans une d\u00e9marche de coaching individuel.<\/h4>\n<p><\/p>\n<p><!-- wp:heading --><\/p>\n<blockquote>\n<p><strong><em>&#8220;Le coaching individuel r\u00e9pond aux besoins sp\u00e9cifiques des dirigeants.&#8221;<\/em><\/strong><\/p>\n<\/blockquote>\n","protected":false},"excerpt":{"rendered":"<p>Au service du leadership, le cabinet de conseil en recrutement Global Mind Search est en mesure d\u2019accompagner les dirigeants et les managers pour atteindre leurs objectifs et trouver des solutions \u00e0 leurs questionnements. A savoir coacher les acteurs cl\u00e9s de l\u2019entreprise et leur permettre de d\u00e9velopper leur leadership, de gagner en efficacit\u00e9, d\u2019am\u00e9liorer leur performance [&hellip;]<\/p>\n","protected":false},"author":1,"featured_media":0,"parent":0,"menu_order":16,"comment_status":"closed","ping_status":"closed","template":"","meta":{"_acf_changed":false,"footnotes":""},"class_list":["post-1740","page","type-page","status-publish","hentry"],"acf":[],"yoast_head":"\n<title>Individual coaching | Global Mind Search<\/title>\n<meta name=\"description\" content=\"For the benefit of leadership, recruitment consulting firm Global Mind Search can assist senior leaders and managers in reaching their objectives and finding solutions as they consider their career path.\" \/>\n<meta name=\"robots\" content=\"index, follow, max-snippet:-1, max-image-preview:large, max-video-preview:-1\" \/>\n<link rel=\"canonical\" href=\"https:\/\/global-mind-search.com\/en\/individual-coaching\/\" \/>\n<meta property=\"og:locale\" content=\"en_US\" \/>\n<meta property=\"og:type\" content=\"article\" \/>\n<meta property=\"og:title\" content=\"Individual coaching | Global Mind Search\" \/>\n<meta property=\"og:description\" content=\"For the benefit of leadership, recruitment consulting firm Global Mind Search can assist senior leaders and managers in reaching their objectives and finding solutions as they consider their career path.\" \/>\n<meta property=\"og:url\" content=\"https:\/\/global-mind-search.com\/en\/individual-coaching\/\" \/>\n<meta property=\"og:site_name\" content=\"Global Mind Search | Cabinet de recrutement | St\u00e9phane Glaser\" \/>\n<meta property=\"article:modified_time\" content=\"2023-11-10T12:45:35+00:00\" \/>\n<meta property=\"og:image\" content=\"https:\/\/global-mind-search.com\/wp-content\/uploads\/2022\/12\/Global-Mind-Search-Recrutement-Allemagne.jpg\" \/>\n<meta name=\"twitter:card\" content=\"summary_large_image\" \/>\n<meta name=\"twitter:label1\" content=\"Est. reading time\" \/>\n\t<meta name=\"twitter:data1\" content=\"1 minute\" \/>\n<script type=\"application\/ld+json\" class=\"yoast-schema-graph\">{\"@context\":\"https:\/\/schema.org\",\"@graph\":[{\"@type\":\"WebPage\",\"@id\":\"https:\/\/global-mind-search.com\/en\/individual-coaching\/\",\"url\":\"https:\/\/global-mind-search.com\/en\/individual-coaching\/\",\"name\":\"Individual coaching | Global Mind Search\",\"isPartOf\":{\"@id\":\"https:\/\/global-mind-search.com\/#website\"},\"datePublished\":\"2022-12-14T12:49:07+00:00\",\"dateModified\":\"2023-11-10T12:45:35+00:00\",\"description\":\"For the benefit of leadership, recruitment consulting firm Global Mind Search can assist senior leaders and managers in reaching their objectives and finding solutions as they consider their career path.\",\"breadcrumb\":{\"@id\":\"https:\/\/global-mind-search.com\/en\/individual-coaching\/#breadcrumb\"},\"inLanguage\":\"en-US\",\"potentialAction\":[{\"@type\":\"ReadAction\",\"target\":[\"https:\/\/global-mind-search.com\/en\/individual-coaching\/\"]}]},{\"@type\":\"BreadcrumbList\",\"@id\":\"https:\/\/global-mind-search.com\/en\/individual-coaching\/#breadcrumb\",\"itemListElement\":[{\"@type\":\"ListItem\",\"position\":1,\"name\":\"Accueil\",\"item\":\"https:\/\/global-mind-search.com\/en\/\"},{\"@type\":\"ListItem\",\"position\":2,\"name\":\"Individual coaching\"}]},{\"@type\":\"WebSite\",\"@id\":\"https:\/\/global-mind-search.com\/#website\",\"url\":\"https:\/\/global-mind-search.com\/\",\"name\":\"Global Mind Search | Cabinet de recrutement | St\u00e9phane Glaser\",\"description\":\"Cabinet de conseil en recrutement par approche directe de cadres confirm\u00e9s et dirigeants, en France, Suisse, Allemagne, Belgique, Luxembourg\",\"publisher\":{\"@id\":\"https:\/\/global-mind-search.com\/#organization\"},\"alternateName\":\"Cabinet de conseil en recrutement par approche directe de cadres confirm\u00e9s et dirigeants, en France, Suisse, Allemagne, Belgique, Luxembourg\",\"potentialAction\":[{\"@type\":\"SearchAction\",\"target\":{\"@type\":\"EntryPoint\",\"urlTemplate\":\"https:\/\/global-mind-search.com\/?s={search_term_string}\"},\"query-input\":\"required name=search_term_string\"}],\"inLanguage\":\"en-US\"},{\"@type\":\"Organization\",\"@id\":\"https:\/\/global-mind-search.com\/#organization\",\"name\":\"Global Mind Search | Cabinet de recrutement | St\u00e9phane Glaser\",\"alternateName\":\"Cabinet de conseil en recrutement par approche directe de cadres confirm\u00e9s et dirigeants, en France, Suisse, Allemagne, Belgique, Luxembourg\",\"url\":\"https:\/\/global-mind-search.com\/\",\"logo\":{\"@type\":\"ImageObject\",\"inLanguage\":\"en-US\",\"@id\":\"https:\/\/global-mind-search.com\/#\/schema\/logo\/image\/\",\"url\":\"https:\/\/global-mind-search.com\/wp-content\/uploads\/2022\/12\/GMS-recrutement-bureau-Strasbourg.jpg\",\"contentUrl\":\"https:\/\/global-mind-search.com\/wp-content\/uploads\/2022\/12\/GMS-recrutement-bureau-Strasbourg.jpg\",\"width\":450,\"height\":300,\"caption\":\"Global Mind Search | Cabinet de recrutement | St\u00e9phane Glaser\"},\"image\":{\"@id\":\"https:\/\/global-mind-search.com\/#\/schema\/logo\/image\/\"}}]}<\/script>\n","yoast_head_json":{"title":"Individual coaching | Global Mind Search","description":"For the benefit of leadership, recruitment consulting firm Global Mind Search can assist senior leaders and managers in reaching their objectives and finding solutions as they consider their career path.","robots":{"index":"index","follow":"follow","max-snippet":"max-snippet:-1","max-image-preview":"max-image-preview:large","max-video-preview":"max-video-preview:-1"},"canonical":"https:\/\/global-mind-search.com\/en\/individual-coaching\/","og_locale":"en_US","og_type":"article","og_title":"Individual coaching | Global Mind Search","og_description":"For the benefit of leadership, recruitment consulting firm Global Mind Search can assist senior leaders and managers in reaching their objectives and finding solutions as they consider their career path.","og_url":"https:\/\/global-mind-search.com\/en\/individual-coaching\/","og_site_name":"Global Mind Search | Cabinet de recrutement | St\u00e9phane Glaser","article_modified_time":"2023-11-10T12:45:35+00:00","og_image":[{"url":"https:\/\/global-mind-search.com\/wp-content\/uploads\/2022\/12\/Global-Mind-Search-Recrutement-Allemagne.jpg"}],"twitter_card":"summary_large_image","twitter_misc":{"Est. reading time":"1 minute"},"schema":{"@context":"https:\/\/schema.org","@graph":[{"@type":"WebPage","@id":"https:\/\/global-mind-search.com\/en\/individual-coaching\/","url":"https:\/\/global-mind-search.com\/en\/individual-coaching\/","name":"Individual coaching | Global Mind Search","isPartOf":{"@id":"https:\/\/global-mind-search.com\/#website"},"datePublished":"2022-12-14T12:49:07+00:00","dateModified":"2023-11-10T12:45:35+00:00","description":"For the benefit of leadership, recruitment consulting firm Global Mind Search can assist senior leaders and managers in reaching their objectives and finding solutions as they consider their career path.","breadcrumb":{"@id":"https:\/\/global-mind-search.com\/en\/individual-coaching\/#breadcrumb"},"inLanguage":"en-US","potentialAction":[{"@type":"ReadAction","target":["https:\/\/global-mind-search.com\/en\/individual-coaching\/"]}]},{"@type":"BreadcrumbList","@id":"https:\/\/global-mind-search.com\/en\/individual-coaching\/#breadcrumb","itemListElement":[{"@type":"ListItem","position":1,"name":"Accueil","item":"https:\/\/global-mind-search.com\/en\/"},{"@type":"ListItem","position":2,"name":"Individual coaching"}]},{"@type":"WebSite","@id":"https:\/\/global-mind-search.com\/#website","url":"https:\/\/global-mind-search.com\/","name":"Global Mind Search | Cabinet de recrutement | St\u00e9phane Glaser","description":"Cabinet de conseil en recrutement par approche directe de cadres confirm\u00e9s et dirigeants, en France, Suisse, Allemagne, Belgique, Luxembourg","publisher":{"@id":"https:\/\/global-mind-search.com\/#organization"},"alternateName":"Cabinet de conseil en recrutement par approche directe de cadres confirm\u00e9s et dirigeants, en France, Suisse, Allemagne, Belgique, Luxembourg","potentialAction":[{"@type":"SearchAction","target":{"@type":"EntryPoint","urlTemplate":"https:\/\/global-mind-search.com\/?s={search_term_string}"},"query-input":"required name=search_term_string"}],"inLanguage":"en-US"},{"@type":"Organization","@id":"https:\/\/global-mind-search.com\/#organization","name":"Global Mind Search | Cabinet de recrutement | St\u00e9phane Glaser","alternateName":"Cabinet de conseil en recrutement par approche directe de cadres confirm\u00e9s et dirigeants, en France, Suisse, Allemagne, Belgique, Luxembourg","url":"https:\/\/global-mind-search.com\/","logo":{"@type":"ImageObject","inLanguage":"en-US","@id":"https:\/\/global-mind-search.com\/#\/schema\/logo\/image\/","url":"https:\/\/global-mind-search.com\/wp-content\/uploads\/2022\/12\/GMS-recrutement-bureau-Strasbourg.jpg","contentUrl":"https:\/\/global-mind-search.com\/wp-content\/uploads\/2022\/12\/GMS-recrutement-bureau-Strasbourg.jpg","width":450,"height":300,"caption":"Global Mind Search | Cabinet de recrutement | St\u00e9phane Glaser"},"image":{"@id":"https:\/\/global-mind-search.com\/#\/schema\/logo\/image\/"}}]}},"_links":{"self":[{"href":"https:\/\/global-mind-search.com\/en\/wp-json\/wp\/v2\/pages\/1740","targetHints":{"allow":["GET"]}}],"collection":[{"href":"https:\/\/global-mind-search.com\/en\/wp-json\/wp\/v2\/pages"}],"about":[{"href":"https:\/\/global-mind-search.com\/en\/wp-json\/wp\/v2\/types\/page"}],"author":[{"embeddable":true,"href":"https:\/\/global-mind-search.com\/en\/wp-json\/wp\/v2\/users\/1"}],"replies":[{"embeddable":true,"href":"https:\/\/global-mind-search.com\/en\/wp-json\/wp\/v2\/comments?post=1740"}],"version-history":[{"count":0,"href":"https:\/\/global-mind-search.com\/en\/wp-json\/wp\/v2\/pages\/1740\/revisions"}],"wp:attachment":[{"href":"https:\/\/global-mind-search.com\/en\/wp-json\/wp\/v2\/media?parent=1740"}],"curies":[{"name":"wp","href":"https:\/\/api.w.org\/{rel}","templated":true}]}}