{"id":1739,"date":"2022-12-14T12:29:24","date_gmt":"2022-12-14T12:29:24","guid":{"rendered":"https:\/\/global-mind-search.com\/recrutement-en-france\/"},"modified":"2025-07-21T20:20:05","modified_gmt":"2025-07-21T20:20:05","slug":"recruitment-france","status":"publish","type":"page","link":"https:\/\/global-mind-search.com\/en\/recruitment-france\/","title":{"rendered":"Recruitment in France"},"content":{"rendered":"<h2 data-start=\"208\" data-end=\"234\">You are a Candidate<\/h2>\n<h3 data-start=\"236\" data-end=\"293\">Global Mind Search supports your professional growth:<\/h3>\n<p>Global Mind Search is a recruitment consulting firm which can advise you on your career development and guide you towards the opportunity that best matches your goals. Our team of consultants will perform a comprehensive review of your career plan and suggest various options. This stage can also take the form of a career assessment, which Global Mind Search frequently carries out.<\/p>\n<p>SMEs, groups and subsidiaries : Global Mind Search is ready to assist you in your recruitment projects via a direct approach throughout France.<\/p>\n<hr \/>\n<p>&nbsp;<\/p>\n<h2 data-start=\"572\" data-end=\"598\">You are a Company<\/h2>\n<h3 data-start=\"599\" data-end=\"697\">Tailor-Made Recruitment for Companies, SMEs, and Groups<\/h3>\n<h2><img decoding=\"async\" class=\"alignright wp-image-2206 size-full\" src=\"https:\/\/global-mind-search.com\/wp-content\/uploads\/2022\/12\/methotologie-Recrutement-Suisse.jpg\" alt=\"Recruitment in France\" width=\"450\" height=\"600\" srcset=\"https:\/\/global-mind-search.com\/wp-content\/uploads\/2022\/12\/methotologie-Recrutement-Suisse.jpg 450w, https:\/\/global-mind-search.com\/wp-content\/uploads\/2022\/12\/methotologie-Recrutement-Suisse-225x300.jpg 225w\" sizes=\"(max-width: 450px) 100vw, 450px\" \/><\/h2>\n<p data-start=\"699\" data-end=\"853\">If you are a company, SME, group, or subsidiary, Global Mind Search supports your direct-approach recruitment projects across the entire French territory.<\/p>\n<p data-start=\"855\" data-end=\"1386\">Whether for the creation of subsidiaries on behalf of foreign companies or the development of existing structures, our firm is equipped to provide tailor-made solutions aligned with your growth objectives. Our extensive experience in executive recruitment in France makes Global Mind Search a major player capable of effectively assisting in your search for top talent. Our scope of intervention ranges from recruiting a single candidate to assembling multidisciplinary teams, all the way up to Executive Committee and Board level.<\/p>\n<p data-start=\"1388\" data-end=\"1739\">Increasingly, our teams are entrusted with active sourcing missions and building talent pools for our clients\u2014whether for a specific role or across several job categories. This approach is particularly appreciated during strong business recovery phases, as it demonstrates foresight and contributes directly to your company\u2019s commercial effectiveness.<\/p>\n<p data-start=\"1741\" data-end=\"1913\">For each situation you present, we provide a focused, clear, and responsive solution, along with a realistic timeline to successfully complete your recruitment assignments.<\/p>\n<p data-start=\"1915\" data-end=\"2101\">After each recruitment, and in agreement with our clients, we conduct an onboarding follow-up for the hired candidate, covering the guarantee period, which may range from 6 to 12 months.<\/p>\n<h2><\/h2>\n<p>&nbsp;<\/p>\n","protected":false},"excerpt":{"rendered":"<p>You are a Candidate Global Mind Search supports your professional growth: Global Mind Search is a recruitment consulting firm which can advise you on your career development and guide you towards the opportunity that best matches your goals. Our team of consultants will perform a comprehensive review of your career plan and suggest various options. [&hellip;]<\/p>\n","protected":false},"author":1,"featured_media":0,"parent":0,"menu_order":22,"comment_status":"closed","ping_status":"closed","template":"","meta":{"_acf_changed":false,"footnotes":""},"class_list":["post-1739","page","type-page","status-publish","hentry"],"acf":[],"yoast_head":"\n<title>Recruitment in France | Global Mind Search<\/title>\n<meta name=\"description\" content=\"La pratique r\u00e9guli\u00e8re de recrutement en France fait de Global Mind Search un acteur majeur qui vous \u00e9paule efficacement dans la recherche de talents.\" \/>\n<meta name=\"robots\" content=\"index, follow, max-snippet:-1, max-image-preview:large, max-video-preview:-1\" \/>\n<link rel=\"canonical\" href=\"https:\/\/global-mind-search.com\/en\/recruitment-france\/\" \/>\n<meta property=\"og:locale\" content=\"en_US\" \/>\n<meta property=\"og:type\" content=\"article\" \/>\n<meta property=\"og:title\" content=\"Recruitment in France | Global Mind Search\" \/>\n<meta property=\"og:description\" content=\"La pratique r\u00e9guli\u00e8re de recrutement en France fait de Global Mind Search un acteur majeur qui vous \u00e9paule efficacement dans la recherche de talents.\" \/>\n<meta property=\"og:url\" content=\"https:\/\/global-mind-search.com\/en\/recruitment-france\/\" \/>\n<meta property=\"og:site_name\" content=\"Global Mind Search | Cabinet de recrutement | St\u00e9phane Glaser\" \/>\n<meta property=\"article:modified_time\" content=\"2025-07-21T20:20:05+00:00\" \/>\n<meta property=\"og:image\" content=\"https:\/\/global-mind-search.com\/wp-content\/uploads\/2022\/12\/methotologie-Recrutement-Suisse.jpg\" \/>\n<meta name=\"twitter:card\" content=\"summary_large_image\" \/>\n<meta name=\"twitter:label1\" content=\"Est. reading time\" \/>\n\t<meta name=\"twitter:data1\" content=\"2 minutes\" \/>\n<script type=\"application\/ld+json\" class=\"yoast-schema-graph\">{\"@context\":\"https:\/\/schema.org\",\"@graph\":[{\"@type\":\"WebPage\",\"@id\":\"https:\/\/global-mind-search.com\/en\/recruitment-france\/\",\"url\":\"https:\/\/global-mind-search.com\/en\/recruitment-france\/\",\"name\":\"Recruitment in France | Global Mind Search\",\"isPartOf\":{\"@id\":\"https:\/\/global-mind-search.com\/#website\"},\"datePublished\":\"2022-12-14T12:29:24+00:00\",\"dateModified\":\"2025-07-21T20:20:05+00:00\",\"description\":\"La pratique r\u00e9guli\u00e8re de recrutement en France fait de Global Mind Search un acteur majeur qui vous \u00e9paule efficacement dans la recherche de talents.\",\"breadcrumb\":{\"@id\":\"https:\/\/global-mind-search.com\/en\/recruitment-france\/#breadcrumb\"},\"inLanguage\":\"en-US\",\"potentialAction\":[{\"@type\":\"ReadAction\",\"target\":[\"https:\/\/global-mind-search.com\/en\/recruitment-france\/\"]}]},{\"@type\":\"BreadcrumbList\",\"@id\":\"https:\/\/global-mind-search.com\/en\/recruitment-france\/#breadcrumb\",\"itemListElement\":[{\"@type\":\"ListItem\",\"position\":1,\"name\":\"Accueil\",\"item\":\"https:\/\/global-mind-search.com\/en\/\"},{\"@type\":\"ListItem\",\"position\":2,\"name\":\"Recruitment in France\"}]},{\"@type\":\"WebSite\",\"@id\":\"https:\/\/global-mind-search.com\/#website\",\"url\":\"https:\/\/global-mind-search.com\/\",\"name\":\"Global Mind Search | Cabinet de recrutement | St\u00e9phane Glaser\",\"description\":\"Cabinet de conseil en recrutement par approche directe de cadres confirm\u00e9s et dirigeants, en France, Suisse, Allemagne, Belgique, Luxembourg\",\"publisher\":{\"@id\":\"https:\/\/global-mind-search.com\/#organization\"},\"alternateName\":\"Cabinet de conseil en recrutement par approche directe de cadres confirm\u00e9s et dirigeants, en France, Suisse, Allemagne, Belgique, Luxembourg\",\"potentialAction\":[{\"@type\":\"SearchAction\",\"target\":{\"@type\":\"EntryPoint\",\"urlTemplate\":\"https:\/\/global-mind-search.com\/?s={search_term_string}\"},\"query-input\":\"required name=search_term_string\"}],\"inLanguage\":\"en-US\"},{\"@type\":\"Organization\",\"@id\":\"https:\/\/global-mind-search.com\/#organization\",\"name\":\"Global Mind Search | Cabinet de recrutement | St\u00e9phane Glaser\",\"alternateName\":\"Cabinet de conseil en recrutement par approche directe de cadres confirm\u00e9s et dirigeants, en France, Suisse, Allemagne, Belgique, Luxembourg\",\"url\":\"https:\/\/global-mind-search.com\/\",\"logo\":{\"@type\":\"ImageObject\",\"inLanguage\":\"en-US\",\"@id\":\"https:\/\/global-mind-search.com\/#\/schema\/logo\/image\/\",\"url\":\"https:\/\/global-mind-search.com\/wp-content\/uploads\/2022\/12\/GMS-recrutement-bureau-Strasbourg.jpg\",\"contentUrl\":\"https:\/\/global-mind-search.com\/wp-content\/uploads\/2022\/12\/GMS-recrutement-bureau-Strasbourg.jpg\",\"width\":450,\"height\":300,\"caption\":\"Global Mind Search | Cabinet de recrutement | St\u00e9phane Glaser\"},\"image\":{\"@id\":\"https:\/\/global-mind-search.com\/#\/schema\/logo\/image\/\"}}]}<\/script>\n","yoast_head_json":{"title":"Recruitment in France | Global Mind Search","description":"La pratique r\u00e9guli\u00e8re de recrutement en France fait de Global Mind Search un acteur majeur qui vous \u00e9paule efficacement dans la recherche de talents.","robots":{"index":"index","follow":"follow","max-snippet":"max-snippet:-1","max-image-preview":"max-image-preview:large","max-video-preview":"max-video-preview:-1"},"canonical":"https:\/\/global-mind-search.com\/en\/recruitment-france\/","og_locale":"en_US","og_type":"article","og_title":"Recruitment in France | Global Mind Search","og_description":"La pratique r\u00e9guli\u00e8re de recrutement en France fait de Global Mind Search un acteur majeur qui vous \u00e9paule efficacement dans la recherche de talents.","og_url":"https:\/\/global-mind-search.com\/en\/recruitment-france\/","og_site_name":"Global Mind Search | Cabinet de recrutement | St\u00e9phane Glaser","article_modified_time":"2025-07-21T20:20:05+00:00","og_image":[{"url":"https:\/\/global-mind-search.com\/wp-content\/uploads\/2022\/12\/methotologie-Recrutement-Suisse.jpg"}],"twitter_card":"summary_large_image","twitter_misc":{"Est. reading time":"2 minutes"},"schema":{"@context":"https:\/\/schema.org","@graph":[{"@type":"WebPage","@id":"https:\/\/global-mind-search.com\/en\/recruitment-france\/","url":"https:\/\/global-mind-search.com\/en\/recruitment-france\/","name":"Recruitment in France | Global Mind Search","isPartOf":{"@id":"https:\/\/global-mind-search.com\/#website"},"datePublished":"2022-12-14T12:29:24+00:00","dateModified":"2025-07-21T20:20:05+00:00","description":"La pratique r\u00e9guli\u00e8re de recrutement en France fait de Global Mind Search un acteur majeur qui vous \u00e9paule efficacement dans la recherche de talents.","breadcrumb":{"@id":"https:\/\/global-mind-search.com\/en\/recruitment-france\/#breadcrumb"},"inLanguage":"en-US","potentialAction":[{"@type":"ReadAction","target":["https:\/\/global-mind-search.com\/en\/recruitment-france\/"]}]},{"@type":"BreadcrumbList","@id":"https:\/\/global-mind-search.com\/en\/recruitment-france\/#breadcrumb","itemListElement":[{"@type":"ListItem","position":1,"name":"Accueil","item":"https:\/\/global-mind-search.com\/en\/"},{"@type":"ListItem","position":2,"name":"Recruitment in France"}]},{"@type":"WebSite","@id":"https:\/\/global-mind-search.com\/#website","url":"https:\/\/global-mind-search.com\/","name":"Global Mind Search | Cabinet de recrutement | St\u00e9phane Glaser","description":"Cabinet de conseil en recrutement par approche directe de cadres confirm\u00e9s et dirigeants, en France, Suisse, Allemagne, Belgique, Luxembourg","publisher":{"@id":"https:\/\/global-mind-search.com\/#organization"},"alternateName":"Cabinet de conseil en recrutement par approche directe de cadres confirm\u00e9s et dirigeants, en France, Suisse, Allemagne, Belgique, Luxembourg","potentialAction":[{"@type":"SearchAction","target":{"@type":"EntryPoint","urlTemplate":"https:\/\/global-mind-search.com\/?s={search_term_string}"},"query-input":"required name=search_term_string"}],"inLanguage":"en-US"},{"@type":"Organization","@id":"https:\/\/global-mind-search.com\/#organization","name":"Global Mind Search | Cabinet de recrutement | St\u00e9phane Glaser","alternateName":"Cabinet de conseil en recrutement par approche directe de cadres confirm\u00e9s et dirigeants, en France, Suisse, Allemagne, Belgique, Luxembourg","url":"https:\/\/global-mind-search.com\/","logo":{"@type":"ImageObject","inLanguage":"en-US","@id":"https:\/\/global-mind-search.com\/#\/schema\/logo\/image\/","url":"https:\/\/global-mind-search.com\/wp-content\/uploads\/2022\/12\/GMS-recrutement-bureau-Strasbourg.jpg","contentUrl":"https:\/\/global-mind-search.com\/wp-content\/uploads\/2022\/12\/GMS-recrutement-bureau-Strasbourg.jpg","width":450,"height":300,"caption":"Global Mind Search | Cabinet de recrutement | St\u00e9phane Glaser"},"image":{"@id":"https:\/\/global-mind-search.com\/#\/schema\/logo\/image\/"}}]}},"_links":{"self":[{"href":"https:\/\/global-mind-search.com\/en\/wp-json\/wp\/v2\/pages\/1739","targetHints":{"allow":["GET"]}}],"collection":[{"href":"https:\/\/global-mind-search.com\/en\/wp-json\/wp\/v2\/pages"}],"about":[{"href":"https:\/\/global-mind-search.com\/en\/wp-json\/wp\/v2\/types\/page"}],"author":[{"embeddable":true,"href":"https:\/\/global-mind-search.com\/en\/wp-json\/wp\/v2\/users\/1"}],"replies":[{"embeddable":true,"href":"https:\/\/global-mind-search.com\/en\/wp-json\/wp\/v2\/comments?post=1739"}],"version-history":[{"count":0,"href":"https:\/\/global-mind-search.com\/en\/wp-json\/wp\/v2\/pages\/1739\/revisions"}],"wp:attachment":[{"href":"https:\/\/global-mind-search.com\/en\/wp-json\/wp\/v2\/media?parent=1739"}],"curies":[{"name":"wp","href":"https:\/\/api.w.org\/{rel}","templated":true}]}}