{"id":1737,"date":"2022-12-14T12:49:44","date_gmt":"2022-12-14T12:49:44","guid":{"rendered":"https:\/\/global-mind-search.com\/head-hunting\/"},"modified":"2023-11-10T12:45:35","modified_gmt":"2023-11-10T12:45:35","slug":"head-hunting","status":"publish","type":"page","link":"https:\/\/global-mind-search.com\/en\/head-hunting\/","title":{"rendered":"Head hunting"},"content":{"rendered":"<h2>Les chasseurs de t\u00eates de Global Mind Search ont pour mission de trouver pour le compte de votre entreprise des profils rares, sp\u00e9cialis\u00e9s et de haut niveau, en France comme \u00e0 l\u2019international.<\/h2>\n<ul>\n<li>\n<h2><img decoding=\"async\" class=\"wp-image-2252 size-full alignright\" src=\"https:\/\/global-mind-search.com\/wp-content\/uploads\/2022\/12\/GMS-recrutement-bureau-Strasbourg.jpg\" alt=\"Head hunting\" width=\"450\" height=\"300\" srcset=\"https:\/\/global-mind-search.com\/wp-content\/uploads\/2022\/12\/GMS-recrutement-bureau-Strasbourg.jpg 450w, https:\/\/global-mind-search.com\/wp-content\/uploads\/2022\/12\/GMS-recrutement-bureau-Strasbourg-300x200.jpg 300w\" sizes=\"(max-width: 450px) 100vw, 450px\" \/><\/h2>\n<p><span style=\"font-size: 16px;\">Gr\u00e2ce \u00e0 leur ma\u00eetrise d\u2019une ou plusieurs langues \u00e9trang\u00e8res et \u00e0 leur connaissance pointue des diff\u00e9rents march\u00e9s, nos chasseurs de t\u00eates s\u00e9lectionnent et contactent avec une tr\u00e8s grande discr\u00e9tion les dirigeants ou cadres sup\u00e9rieurs poss\u00e9dant les qualifications demand\u00e9es.<\/span><\/li>\n<\/ul>\n<h2>Chasseurs de t\u00eates :\u00a0<a href=\"https:\/\/global-mind-search.com\/methotologie\/\">La m\u00e9thode de l\u2019approche directe<\/a><\/h2>\n<p><\/p>\n<p><!-- wp:heading {\"level\":3} --><\/p>\n<p><strong>Quelle que soit la mission, nos chasseurs de t\u00eates utilisent une m\u00e9thodologie performante.<\/strong><\/p>\n<p><\/p>\n<p><!-- wp:list --><\/p>\n<ul><!-- wp:list-item --><\/p>\n<li>La strat\u00e9gie de recherche par approche directe est une recherche cibl\u00e9e de profils pointus (dirigeants, experts, cadres) difficilement identifiables par d\u2019autres m\u00e9thodes. Nos chasseurs de t\u00eates vous permettent ainsi de recruter rapidement le profil id\u00e9al, correspondant parfaitement \u00e0 vos crit\u00e8res de recherche sur les plans op\u00e9rationnel, strat\u00e9gique ou technique.<\/li>\n<p><\/ul>\n<p><\/p>\n<p><!-- wp:heading --><\/p>\n<blockquote>\n<p><strong><em>&#8220;Le r\u00f4le des chasseurs de t\u00eates : un recrutement en toute discr\u00e9tion.&#8221;<\/em><\/strong><\/p>\n<\/blockquote>\n","protected":false},"excerpt":{"rendered":"<p>Les chasseurs de t\u00eates de Global Mind Search ont pour mission de trouver pour le compte de votre entreprise des profils rares, sp\u00e9cialis\u00e9s et de haut niveau, en France comme \u00e0 l\u2019international. Gr\u00e2ce \u00e0 leur ma\u00eetrise d\u2019une ou plusieurs langues \u00e9trang\u00e8res et \u00e0 leur connaissance pointue des diff\u00e9rents march\u00e9s, nos chasseurs de t\u00eates s\u00e9lectionnent et [&hellip;]<\/p>\n","protected":false},"author":1,"featured_media":0,"parent":0,"menu_order":14,"comment_status":"closed","ping_status":"closed","template":"","meta":{"_acf_changed":false,"footnotes":""},"class_list":["post-1737","page","type-page","status-publish","hentry"],"acf":[],"yoast_head":"\n<title>Chasse de t\u00eate | Cabinet de recrutement Strasbourg<\/title>\n<meta name=\"description\" content=\"Pour recruter les meilleurs talents, notre cabinet conseil en recrutement de cadres et dirigeants Global Mind Search pratique la chasse de t\u00eate.\" \/>\n<meta name=\"robots\" content=\"index, follow, max-snippet:-1, max-image-preview:large, max-video-preview:-1\" \/>\n<link rel=\"canonical\" href=\"https:\/\/global-mind-search.com\/en\/head-hunting\/\" \/>\n<meta property=\"og:locale\" content=\"en_US\" \/>\n<meta property=\"og:type\" content=\"article\" \/>\n<meta property=\"og:title\" content=\"Chasse de t\u00eate | Cabinet de recrutement Strasbourg\" \/>\n<meta property=\"og:description\" content=\"Pour recruter les meilleurs talents, notre cabinet conseil en recrutement de cadres et dirigeants Global Mind Search pratique la chasse de t\u00eate.\" \/>\n<meta property=\"og:url\" content=\"https:\/\/global-mind-search.com\/en\/head-hunting\/\" \/>\n<meta property=\"og:site_name\" content=\"Global Mind Search | Cabinet de recrutement | St\u00e9phane Glaser\" \/>\n<meta property=\"article:modified_time\" content=\"2023-11-10T12:45:35+00:00\" \/>\n<meta property=\"og:image\" content=\"https:\/\/global-mind-search.com\/wp-content\/uploads\/2022\/12\/GMS-recrutement-bureau-Strasbourg.jpg\" \/>\n<meta name=\"twitter:card\" content=\"summary_large_image\" \/>\n<meta name=\"twitter:label1\" content=\"Est. reading time\" \/>\n\t<meta name=\"twitter:data1\" content=\"1 minute\" \/>\n<script type=\"application\/ld+json\" class=\"yoast-schema-graph\">{\"@context\":\"https:\/\/schema.org\",\"@graph\":[{\"@type\":\"WebPage\",\"@id\":\"https:\/\/global-mind-search.com\/en\/head-hunting\/\",\"url\":\"https:\/\/global-mind-search.com\/en\/head-hunting\/\",\"name\":\"Chasse de t\u00eate | Cabinet de recrutement Strasbourg\",\"isPartOf\":{\"@id\":\"https:\/\/global-mind-search.com\/#website\"},\"datePublished\":\"2022-12-14T12:49:44+00:00\",\"dateModified\":\"2023-11-10T12:45:35+00:00\",\"description\":\"Pour recruter les meilleurs talents, notre cabinet conseil en recrutement de cadres et dirigeants Global Mind Search pratique la chasse de t\u00eate.\",\"breadcrumb\":{\"@id\":\"https:\/\/global-mind-search.com\/en\/head-hunting\/#breadcrumb\"},\"inLanguage\":\"en-US\",\"potentialAction\":[{\"@type\":\"ReadAction\",\"target\":[\"https:\/\/global-mind-search.com\/en\/head-hunting\/\"]}]},{\"@type\":\"BreadcrumbList\",\"@id\":\"https:\/\/global-mind-search.com\/en\/head-hunting\/#breadcrumb\",\"itemListElement\":[{\"@type\":\"ListItem\",\"position\":1,\"name\":\"Accueil\",\"item\":\"https:\/\/global-mind-search.com\/en\/\"},{\"@type\":\"ListItem\",\"position\":2,\"name\":\"Head hunting\"}]},{\"@type\":\"WebSite\",\"@id\":\"https:\/\/global-mind-search.com\/#website\",\"url\":\"https:\/\/global-mind-search.com\/\",\"name\":\"Global Mind Search | Cabinet de recrutement | St\u00e9phane Glaser\",\"description\":\"Cabinet de conseil en recrutement par approche directe de cadres confirm\u00e9s et dirigeants, en France, Suisse, Allemagne, Belgique, Luxembourg\",\"publisher\":{\"@id\":\"https:\/\/global-mind-search.com\/#organization\"},\"alternateName\":\"Cabinet de conseil en recrutement par approche directe de cadres confirm\u00e9s et dirigeants, en France, Suisse, Allemagne, Belgique, Luxembourg\",\"potentialAction\":[{\"@type\":\"SearchAction\",\"target\":{\"@type\":\"EntryPoint\",\"urlTemplate\":\"https:\/\/global-mind-search.com\/?s={search_term_string}\"},\"query-input\":\"required name=search_term_string\"}],\"inLanguage\":\"en-US\"},{\"@type\":\"Organization\",\"@id\":\"https:\/\/global-mind-search.com\/#organization\",\"name\":\"Global Mind Search | Cabinet de recrutement | St\u00e9phane Glaser\",\"alternateName\":\"Cabinet de conseil en recrutement par approche directe de cadres confirm\u00e9s et dirigeants, en France, Suisse, Allemagne, Belgique, Luxembourg\",\"url\":\"https:\/\/global-mind-search.com\/\",\"logo\":{\"@type\":\"ImageObject\",\"inLanguage\":\"en-US\",\"@id\":\"https:\/\/global-mind-search.com\/#\/schema\/logo\/image\/\",\"url\":\"https:\/\/global-mind-search.com\/wp-content\/uploads\/2022\/12\/GMS-recrutement-bureau-Strasbourg.jpg\",\"contentUrl\":\"https:\/\/global-mind-search.com\/wp-content\/uploads\/2022\/12\/GMS-recrutement-bureau-Strasbourg.jpg\",\"width\":450,\"height\":300,\"caption\":\"Global Mind Search | Cabinet de recrutement | St\u00e9phane Glaser\"},\"image\":{\"@id\":\"https:\/\/global-mind-search.com\/#\/schema\/logo\/image\/\"}}]}<\/script>\n","yoast_head_json":{"title":"Chasse de t\u00eate | Cabinet de recrutement Strasbourg","description":"Pour recruter les meilleurs talents, notre cabinet conseil en recrutement de cadres et dirigeants Global Mind Search pratique la chasse de t\u00eate.","robots":{"index":"index","follow":"follow","max-snippet":"max-snippet:-1","max-image-preview":"max-image-preview:large","max-video-preview":"max-video-preview:-1"},"canonical":"https:\/\/global-mind-search.com\/en\/head-hunting\/","og_locale":"en_US","og_type":"article","og_title":"Chasse de t\u00eate | Cabinet de recrutement Strasbourg","og_description":"Pour recruter les meilleurs talents, notre cabinet conseil en recrutement de cadres et dirigeants Global Mind Search pratique la chasse de t\u00eate.","og_url":"https:\/\/global-mind-search.com\/en\/head-hunting\/","og_site_name":"Global Mind Search | Cabinet de recrutement | St\u00e9phane Glaser","article_modified_time":"2023-11-10T12:45:35+00:00","og_image":[{"url":"https:\/\/global-mind-search.com\/wp-content\/uploads\/2022\/12\/GMS-recrutement-bureau-Strasbourg.jpg"}],"twitter_card":"summary_large_image","twitter_misc":{"Est. reading time":"1 minute"},"schema":{"@context":"https:\/\/schema.org","@graph":[{"@type":"WebPage","@id":"https:\/\/global-mind-search.com\/en\/head-hunting\/","url":"https:\/\/global-mind-search.com\/en\/head-hunting\/","name":"Chasse de t\u00eate | Cabinet de recrutement Strasbourg","isPartOf":{"@id":"https:\/\/global-mind-search.com\/#website"},"datePublished":"2022-12-14T12:49:44+00:00","dateModified":"2023-11-10T12:45:35+00:00","description":"Pour recruter les meilleurs talents, notre cabinet conseil en recrutement de cadres et dirigeants Global Mind Search pratique la chasse de t\u00eate.","breadcrumb":{"@id":"https:\/\/global-mind-search.com\/en\/head-hunting\/#breadcrumb"},"inLanguage":"en-US","potentialAction":[{"@type":"ReadAction","target":["https:\/\/global-mind-search.com\/en\/head-hunting\/"]}]},{"@type":"BreadcrumbList","@id":"https:\/\/global-mind-search.com\/en\/head-hunting\/#breadcrumb","itemListElement":[{"@type":"ListItem","position":1,"name":"Accueil","item":"https:\/\/global-mind-search.com\/en\/"},{"@type":"ListItem","position":2,"name":"Head hunting"}]},{"@type":"WebSite","@id":"https:\/\/global-mind-search.com\/#website","url":"https:\/\/global-mind-search.com\/","name":"Global Mind Search | Cabinet de recrutement | St\u00e9phane Glaser","description":"Cabinet de conseil en recrutement par approche directe de cadres confirm\u00e9s et dirigeants, en France, Suisse, Allemagne, Belgique, Luxembourg","publisher":{"@id":"https:\/\/global-mind-search.com\/#organization"},"alternateName":"Cabinet de conseil en recrutement par approche directe de cadres confirm\u00e9s et dirigeants, en France, Suisse, Allemagne, Belgique, Luxembourg","potentialAction":[{"@type":"SearchAction","target":{"@type":"EntryPoint","urlTemplate":"https:\/\/global-mind-search.com\/?s={search_term_string}"},"query-input":"required name=search_term_string"}],"inLanguage":"en-US"},{"@type":"Organization","@id":"https:\/\/global-mind-search.com\/#organization","name":"Global Mind Search | Cabinet de recrutement | St\u00e9phane Glaser","alternateName":"Cabinet de conseil en recrutement par approche directe de cadres confirm\u00e9s et dirigeants, en France, Suisse, Allemagne, Belgique, Luxembourg","url":"https:\/\/global-mind-search.com\/","logo":{"@type":"ImageObject","inLanguage":"en-US","@id":"https:\/\/global-mind-search.com\/#\/schema\/logo\/image\/","url":"https:\/\/global-mind-search.com\/wp-content\/uploads\/2022\/12\/GMS-recrutement-bureau-Strasbourg.jpg","contentUrl":"https:\/\/global-mind-search.com\/wp-content\/uploads\/2022\/12\/GMS-recrutement-bureau-Strasbourg.jpg","width":450,"height":300,"caption":"Global Mind Search | Cabinet de recrutement | St\u00e9phane Glaser"},"image":{"@id":"https:\/\/global-mind-search.com\/#\/schema\/logo\/image\/"}}]}},"_links":{"self":[{"href":"https:\/\/global-mind-search.com\/en\/wp-json\/wp\/v2\/pages\/1737","targetHints":{"allow":["GET"]}}],"collection":[{"href":"https:\/\/global-mind-search.com\/en\/wp-json\/wp\/v2\/pages"}],"about":[{"href":"https:\/\/global-mind-search.com\/en\/wp-json\/wp\/v2\/types\/page"}],"author":[{"embeddable":true,"href":"https:\/\/global-mind-search.com\/en\/wp-json\/wp\/v2\/users\/1"}],"replies":[{"embeddable":true,"href":"https:\/\/global-mind-search.com\/en\/wp-json\/wp\/v2\/comments?post=1737"}],"version-history":[{"count":0,"href":"https:\/\/global-mind-search.com\/en\/wp-json\/wp\/v2\/pages\/1737\/revisions"}],"wp:attachment":[{"href":"https:\/\/global-mind-search.com\/en\/wp-json\/wp\/v2\/media?parent=1737"}],"curies":[{"name":"wp","href":"https:\/\/api.w.org\/{rel}","templated":true}]}}