{"id":1734,"date":"2022-12-14T12:50:37","date_gmt":"2022-12-14T12:50:37","guid":{"rendered":"https:\/\/global-mind-search.com\/engagements\/"},"modified":"2023-11-10T12:45:34","modified_gmt":"2023-11-10T12:45:34","slug":"commitments","status":"publish","type":"page","link":"https:\/\/global-mind-search.com\/en\/commitments\/","title":{"rendered":"Commitments"},"content":{"rendered":"<h2>Global Mind Search, a recruitment consulting firm, is mindful of the ethics behind its industry.<\/h2>\n<h3>We implement a code of ethics compatible with respect for the rights of the individual, and are proud to offer candidates and clients a customised service.<\/h3>\n<h4>At our consulting firm for the recruitment of executives and senior managers :<\/h4>\n<h4><em><img decoding=\"async\" class=\"alignright wp-image-2202 size-full\" src=\"https:\/\/global-mind-search.com\/wp-content\/uploads\/2022\/12\/Global-Mind-Search-Recrutement-France-1.jpg\" alt=\"Commitments\" width=\"450\" height=\"600\" srcset=\"https:\/\/global-mind-search.com\/wp-content\/uploads\/2022\/12\/Global-Mind-Search-Recrutement-France-1.jpg 450w, https:\/\/global-mind-search.com\/wp-content\/uploads\/2022\/12\/Global-Mind-Search-Recrutement-France-1-225x300.jpg 225w\" sizes=\"(max-width: 450px) 100vw, 450px\" \/><\/em><\/h4>\n<ul>\n<li>We only accept recruitment missions if they fall within our area of expertise.<\/li>\n<li>A contract is drawn up for each recruitment mission, including a full description of the position, the responsibilities, the profile sought and the most appropriate search method, as well as the timeline and the\u00a0pricing terms.<\/li>\n<li>We maintain professional secrecy: the identity of the candidate and the client, and all confidential information about both parties, are only disclosed with their permission.<\/li>\n<li>We do not release any applications or any confidential or personal information about the candidates without their prior authorisation.<\/li>\n<li>We update and maintain contact with the candidate and the client at each stage in the recruitment process.<\/li>\n<li>We observe the principles of equal opportunity\u00a0and non-discrimination in employment for each of the recruitment missions entrusted to us.<\/li>\n<li>We comply with the legal provisions associated with our profession and with the French data protection authority (CNIL) requirements for processing information about candidates.<\/li>\n<li>We carefully review each application, whether unsolicited or in response to a job announcement.<\/li>\n<li>We monitor the integration of all hired candidates to verify their progress and ensure they are successful. This follow-up is a key element in our support for clients.<\/li>\n<li>We keep in permanent contact with our candidates and clients, to provide advice and foster the satisfaction of everyone involved.<\/li>\n<\/ul>\n<blockquote><p><strong><em>&#8220;We are committed to meeting the desired result and strive to comply with the stated expectations and timeframes.&#8221;<\/em><\/strong><\/p><\/blockquote>\n","protected":false},"excerpt":{"rendered":"<p>Global Mind Search, a recruitment consulting firm, is mindful of the ethics behind its industry. We implement a code of ethics compatible with respect for the rights of the individual, and are proud to offer candidates and clients a customised service. At our consulting firm for the recruitment of executives and senior managers : We [&hellip;]<\/p>\n","protected":false},"author":1,"featured_media":728,"parent":0,"menu_order":12,"comment_status":"closed","ping_status":"closed","template":"","meta":{"_acf_changed":false,"footnotes":""},"class_list":["post-1734","page","type-page","status-publish","has-post-thumbnail","hentry"],"acf":[],"yoast_head":"\n<title>Expert recrutement | Cabinet de recrutement Strasbourg<\/title>\n<meta name=\"description\" content=\"Global Mind Search, cabinet expert recrutement, est \u00e0 votre \u00e9coute et pr\u00eate une grande attention \u00e0 l\u2019\u00e9thique et au respect des droits de la personne.\" \/>\n<meta name=\"robots\" content=\"index, follow, max-snippet:-1, max-image-preview:large, max-video-preview:-1\" \/>\n<link rel=\"canonical\" href=\"https:\/\/global-mind-search.com\/en\/commitments\/\" \/>\n<meta property=\"og:locale\" content=\"en_US\" \/>\n<meta property=\"og:type\" content=\"article\" \/>\n<meta property=\"og:title\" content=\"Expert recrutement | Cabinet de recrutement Strasbourg\" \/>\n<meta property=\"og:description\" content=\"Global Mind Search, cabinet expert recrutement, est \u00e0 votre \u00e9coute et pr\u00eate une grande attention \u00e0 l\u2019\u00e9thique et au respect des droits de la personne.\" \/>\n<meta property=\"og:url\" content=\"https:\/\/global-mind-search.com\/en\/commitments\/\" \/>\n<meta property=\"og:site_name\" content=\"Global Mind Search | Cabinet de recrutement | St\u00e9phane Glaser\" \/>\n<meta property=\"article:modified_time\" content=\"2023-11-10T12:45:34+00:00\" \/>\n<meta property=\"og:image\" content=\"https:\/\/global-mind-search.com\/wp-content\/uploads\/2022\/11\/Global-Mind-Search-Engagements.jpg\" \/>\n\t<meta property=\"og:image:width\" content=\"450\" \/>\n\t<meta property=\"og:image:height\" content=\"600\" \/>\n\t<meta property=\"og:image:type\" content=\"image\/jpeg\" \/>\n<meta name=\"twitter:card\" content=\"summary_large_image\" \/>\n<meta name=\"twitter:label1\" content=\"Est. reading time\" \/>\n\t<meta name=\"twitter:data1\" content=\"2 minutes\" \/>\n<script type=\"application\/ld+json\" class=\"yoast-schema-graph\">{\"@context\":\"https:\/\/schema.org\",\"@graph\":[{\"@type\":\"WebPage\",\"@id\":\"https:\/\/global-mind-search.com\/en\/commitments\/\",\"url\":\"https:\/\/global-mind-search.com\/en\/commitments\/\",\"name\":\"Expert recrutement | Cabinet de recrutement Strasbourg\",\"isPartOf\":{\"@id\":\"https:\/\/global-mind-search.com\/#website\"},\"datePublished\":\"2022-12-14T12:50:37+00:00\",\"dateModified\":\"2023-11-10T12:45:34+00:00\",\"description\":\"Global Mind Search, cabinet expert recrutement, est \u00e0 votre \u00e9coute et pr\u00eate une grande attention \u00e0 l\u2019\u00e9thique et au respect des droits de la personne.\",\"breadcrumb\":{\"@id\":\"https:\/\/global-mind-search.com\/en\/commitments\/#breadcrumb\"},\"inLanguage\":\"en-US\",\"potentialAction\":[{\"@type\":\"ReadAction\",\"target\":[\"https:\/\/global-mind-search.com\/en\/commitments\/\"]}]},{\"@type\":\"BreadcrumbList\",\"@id\":\"https:\/\/global-mind-search.com\/en\/commitments\/#breadcrumb\",\"itemListElement\":[{\"@type\":\"ListItem\",\"position\":1,\"name\":\"Accueil\",\"item\":\"https:\/\/global-mind-search.com\/en\/\"},{\"@type\":\"ListItem\",\"position\":2,\"name\":\"Commitments\"}]},{\"@type\":\"WebSite\",\"@id\":\"https:\/\/global-mind-search.com\/#website\",\"url\":\"https:\/\/global-mind-search.com\/\",\"name\":\"Global Mind Search | Cabinet de recrutement | St\u00e9phane Glaser\",\"description\":\"Cabinet de conseil en recrutement par approche directe de cadres confirm\u00e9s et dirigeants, en France, Suisse, Allemagne, Belgique, Luxembourg\",\"publisher\":{\"@id\":\"https:\/\/global-mind-search.com\/#organization\"},\"alternateName\":\"Cabinet de conseil en recrutement par approche directe de cadres confirm\u00e9s et dirigeants, en France, Suisse, Allemagne, Belgique, Luxembourg\",\"potentialAction\":[{\"@type\":\"SearchAction\",\"target\":{\"@type\":\"EntryPoint\",\"urlTemplate\":\"https:\/\/global-mind-search.com\/?s={search_term_string}\"},\"query-input\":\"required name=search_term_string\"}],\"inLanguage\":\"en-US\"},{\"@type\":\"Organization\",\"@id\":\"https:\/\/global-mind-search.com\/#organization\",\"name\":\"Global Mind Search | Cabinet de recrutement | St\u00e9phane Glaser\",\"alternateName\":\"Cabinet de conseil en recrutement par approche directe de cadres confirm\u00e9s et dirigeants, en France, Suisse, Allemagne, Belgique, Luxembourg\",\"url\":\"https:\/\/global-mind-search.com\/\",\"logo\":{\"@type\":\"ImageObject\",\"inLanguage\":\"en-US\",\"@id\":\"https:\/\/global-mind-search.com\/#\/schema\/logo\/image\/\",\"url\":\"https:\/\/global-mind-search.com\/wp-content\/uploads\/2022\/12\/GMS-recrutement-bureau-Strasbourg.jpg\",\"contentUrl\":\"https:\/\/global-mind-search.com\/wp-content\/uploads\/2022\/12\/GMS-recrutement-bureau-Strasbourg.jpg\",\"width\":450,\"height\":300,\"caption\":\"Global Mind Search | Cabinet de recrutement | St\u00e9phane Glaser\"},\"image\":{\"@id\":\"https:\/\/global-mind-search.com\/#\/schema\/logo\/image\/\"}}]}<\/script>\n","yoast_head_json":{"title":"Expert recrutement | Cabinet de recrutement Strasbourg","description":"Global Mind Search, cabinet expert recrutement, est \u00e0 votre \u00e9coute et pr\u00eate une grande attention \u00e0 l\u2019\u00e9thique et au respect des droits de la personne.","robots":{"index":"index","follow":"follow","max-snippet":"max-snippet:-1","max-image-preview":"max-image-preview:large","max-video-preview":"max-video-preview:-1"},"canonical":"https:\/\/global-mind-search.com\/en\/commitments\/","og_locale":"en_US","og_type":"article","og_title":"Expert recrutement | Cabinet de recrutement Strasbourg","og_description":"Global Mind Search, cabinet expert recrutement, est \u00e0 votre \u00e9coute et pr\u00eate une grande attention \u00e0 l\u2019\u00e9thique et au respect des droits de la personne.","og_url":"https:\/\/global-mind-search.com\/en\/commitments\/","og_site_name":"Global Mind Search | Cabinet de recrutement | St\u00e9phane Glaser","article_modified_time":"2023-11-10T12:45:34+00:00","og_image":[{"width":450,"height":600,"url":"https:\/\/global-mind-search.com\/wp-content\/uploads\/2022\/11\/Global-Mind-Search-Engagements.jpg","type":"image\/jpeg"}],"twitter_card":"summary_large_image","twitter_misc":{"Est. reading time":"2 minutes"},"schema":{"@context":"https:\/\/schema.org","@graph":[{"@type":"WebPage","@id":"https:\/\/global-mind-search.com\/en\/commitments\/","url":"https:\/\/global-mind-search.com\/en\/commitments\/","name":"Expert recrutement | Cabinet de recrutement Strasbourg","isPartOf":{"@id":"https:\/\/global-mind-search.com\/#website"},"datePublished":"2022-12-14T12:50:37+00:00","dateModified":"2023-11-10T12:45:34+00:00","description":"Global Mind Search, cabinet expert recrutement, est \u00e0 votre \u00e9coute et pr\u00eate une grande attention \u00e0 l\u2019\u00e9thique et au respect des droits de la personne.","breadcrumb":{"@id":"https:\/\/global-mind-search.com\/en\/commitments\/#breadcrumb"},"inLanguage":"en-US","potentialAction":[{"@type":"ReadAction","target":["https:\/\/global-mind-search.com\/en\/commitments\/"]}]},{"@type":"BreadcrumbList","@id":"https:\/\/global-mind-search.com\/en\/commitments\/#breadcrumb","itemListElement":[{"@type":"ListItem","position":1,"name":"Accueil","item":"https:\/\/global-mind-search.com\/en\/"},{"@type":"ListItem","position":2,"name":"Commitments"}]},{"@type":"WebSite","@id":"https:\/\/global-mind-search.com\/#website","url":"https:\/\/global-mind-search.com\/","name":"Global Mind Search | Cabinet de recrutement | St\u00e9phane Glaser","description":"Cabinet de conseil en recrutement par approche directe de cadres confirm\u00e9s et dirigeants, en France, Suisse, Allemagne, Belgique, Luxembourg","publisher":{"@id":"https:\/\/global-mind-search.com\/#organization"},"alternateName":"Cabinet de conseil en recrutement par approche directe de cadres confirm\u00e9s et dirigeants, en France, Suisse, Allemagne, Belgique, Luxembourg","potentialAction":[{"@type":"SearchAction","target":{"@type":"EntryPoint","urlTemplate":"https:\/\/global-mind-search.com\/?s={search_term_string}"},"query-input":"required name=search_term_string"}],"inLanguage":"en-US"},{"@type":"Organization","@id":"https:\/\/global-mind-search.com\/#organization","name":"Global Mind Search | Cabinet de recrutement | St\u00e9phane Glaser","alternateName":"Cabinet de conseil en recrutement par approche directe de cadres confirm\u00e9s et dirigeants, en France, Suisse, Allemagne, Belgique, Luxembourg","url":"https:\/\/global-mind-search.com\/","logo":{"@type":"ImageObject","inLanguage":"en-US","@id":"https:\/\/global-mind-search.com\/#\/schema\/logo\/image\/","url":"https:\/\/global-mind-search.com\/wp-content\/uploads\/2022\/12\/GMS-recrutement-bureau-Strasbourg.jpg","contentUrl":"https:\/\/global-mind-search.com\/wp-content\/uploads\/2022\/12\/GMS-recrutement-bureau-Strasbourg.jpg","width":450,"height":300,"caption":"Global Mind Search | Cabinet de recrutement | St\u00e9phane Glaser"},"image":{"@id":"https:\/\/global-mind-search.com\/#\/schema\/logo\/image\/"}}]}},"_links":{"self":[{"href":"https:\/\/global-mind-search.com\/en\/wp-json\/wp\/v2\/pages\/1734","targetHints":{"allow":["GET"]}}],"collection":[{"href":"https:\/\/global-mind-search.com\/en\/wp-json\/wp\/v2\/pages"}],"about":[{"href":"https:\/\/global-mind-search.com\/en\/wp-json\/wp\/v2\/types\/page"}],"author":[{"embeddable":true,"href":"https:\/\/global-mind-search.com\/en\/wp-json\/wp\/v2\/users\/1"}],"replies":[{"embeddable":true,"href":"https:\/\/global-mind-search.com\/en\/wp-json\/wp\/v2\/comments?post=1734"}],"version-history":[{"count":0,"href":"https:\/\/global-mind-search.com\/en\/wp-json\/wp\/v2\/pages\/1734\/revisions"}],"wp:featuredmedia":[{"embeddable":true,"href":"https:\/\/global-mind-search.com\/en\/wp-json\/wp\/v2\/media\/728"}],"wp:attachment":[{"href":"https:\/\/global-mind-search.com\/en\/wp-json\/wp\/v2\/media?parent=1734"}],"curies":[{"name":"wp","href":"https:\/\/api.w.org\/{rel}","templated":true}]}}