{"id":1722,"date":"2022-12-14T12:44:06","date_gmt":"2022-12-14T12:44:06","guid":{"rendered":"https:\/\/global-mind-search.com\/politique-tarifaire\/"},"modified":"2023-11-10T12:45:33","modified_gmt":"2023-11-10T12:45:33","slug":"pricing-policy","status":"publish","type":"page","link":"https:\/\/global-mind-search.com\/en\/pricing-policy\/","title":{"rendered":"Pricing policy"},"content":{"rendered":"<h2>La politique d&#8217;honoraires de Global Mind Search est en fonction de la strat\u00e9gie de recrutement retenue, qu\u2019il s\u2019agisse d\u2019une <a href=\"https:\/\/global-mind-search.com\/chasse-tetes\/\">approche directe<\/a>, d\u2019une approche mixte ou d\u2019un\u00a0<a href=\"https:\/\/global-mind-search.com\/methotologie\/\">sourcing actif<\/a>.<\/h2>\n<p><\/p>\n<p><!-- wp:heading --><\/p>\n<h3>Nous proposons principalement un montant forfaitaire, qui est transparent et concret.<\/h3>\n<h2><em><img decoding=\"async\" class=\"alignright wp-image-2248 size-full\" src=\"https:\/\/global-mind-search.com\/wp-content\/uploads\/2022\/12\/Global-Mind-Search-recrutement-bureau-Paris.jpg\" alt=\"Pricing policy\" width=\"450\" height=\"300\" srcset=\"https:\/\/global-mind-search.com\/wp-content\/uploads\/2022\/12\/Global-Mind-Search-recrutement-bureau-Paris.jpg 450w, https:\/\/global-mind-search.com\/wp-content\/uploads\/2022\/12\/Global-Mind-Search-recrutement-bureau-Paris-300x200.jpg 300w\" sizes=\"(max-width: 450px) 100vw, 450px\" \/><\/em><\/h2>\n<p><\/p>\n<p><!-- wp:heading {\"level\":3} --><\/p>\n<p>La politique d&#8217;honoraires de Global Mind Search se traduit par l&#8217;application d&#8217;un montant fixe ou d&#8217;un pourcentage de la r\u00e9mun\u00e9ration annuelle brute. Cette approche se veut transparente et pragmatique. Nos horaires se d\u00e9composent en trois \u00e9tapes :<\/p>\n<p><\/p>\n<p><!-- wp:list --><\/p>\n<ul><!-- wp:list-item --><\/p>\n<li>Au d\u00e9marrage de la mission<\/li>\n<p><\/p>\n<p><!-- wp:list-item --><\/p>\n<li>A la pr\u00e9sentation des candidats<\/li>\n<p><\/p>\n<p><!-- wp:list-item --><\/p>\n<li>Lors de la signature du contrat de travail<\/li>\n<p><\/ul>\n<p><\/p>\n<p><!-- wp:paragraph --><\/p>\n<hr \/>\n<p>Les frais d\u2019annonces presse et internet sont \u00e0 la charge du client, ainsi que les frais de d\u00e9placement du consultant en charge de la mission de recrutement.<\/p>\n<blockquote>\n<p>&nbsp;<\/p>\n<\/blockquote>\n","protected":false},"excerpt":{"rendered":"<p>La politique d&#8217;honoraires de Global Mind Search est en fonction de la strat\u00e9gie de recrutement retenue, qu\u2019il s\u2019agisse d\u2019une approche directe, d\u2019une approche mixte ou d\u2019un\u00a0sourcing actif. Nous proposons principalement un montant forfaitaire, qui est transparent et concret. La politique d&#8217;honoraires de Global Mind Search se traduit par l&#8217;application d&#8217;un montant fixe ou d&#8217;un pourcentage [&hellip;]<\/p>\n","protected":false},"author":1,"featured_media":2249,"parent":0,"menu_order":1,"comment_status":"closed","ping_status":"closed","template":"","meta":{"_acf_changed":false,"footnotes":""},"class_list":["post-1722","page","type-page","status-publish","has-post-thumbnail","hentry"],"acf":[],"yoast_head":"\n<title>Pricing policy | Global Mind Search<\/title>\n<meta name=\"description\" content=\"Global Mind Search&#039;s pricing policy is set according to the recruitment strategy selected, I.E. a\u00a0direct approach, a mixed approach or\u00a0active sourcing.\" \/>\n<meta name=\"robots\" content=\"index, follow, max-snippet:-1, max-image-preview:large, max-video-preview:-1\" \/>\n<link rel=\"canonical\" href=\"https:\/\/global-mind-search.com\/en\/pricing-policy\/\" \/>\n<meta property=\"og:locale\" content=\"en_US\" \/>\n<meta property=\"og:type\" content=\"article\" \/>\n<meta property=\"og:title\" content=\"Pricing policy | Global Mind Search\" \/>\n<meta property=\"og:description\" content=\"Global Mind Search&#039;s pricing policy is set according to the recruitment strategy selected, I.E. a\u00a0direct approach, a mixed approach or\u00a0active sourcing.\" \/>\n<meta property=\"og:url\" content=\"https:\/\/global-mind-search.com\/en\/pricing-policy\/\" \/>\n<meta property=\"og:site_name\" content=\"Global Mind Search | Cabinet de recrutement | St\u00e9phane Glaser\" \/>\n<meta property=\"article:modified_time\" content=\"2023-11-10T12:45:33+00:00\" \/>\n<meta property=\"og:image\" content=\"https:\/\/global-mind-search.com\/wp-content\/uploads\/2022\/12\/Global-Mind-Search-recrutement-bureau-Paris.jpg\" \/>\n\t<meta property=\"og:image:width\" content=\"450\" \/>\n\t<meta property=\"og:image:height\" content=\"300\" \/>\n\t<meta property=\"og:image:type\" content=\"image\/jpeg\" \/>\n<meta name=\"twitter:card\" content=\"summary_large_image\" \/>\n<meta name=\"twitter:label1\" content=\"Est. reading time\" \/>\n\t<meta name=\"twitter:data1\" content=\"1 minute\" \/>\n<script type=\"application\/ld+json\" class=\"yoast-schema-graph\">{\"@context\":\"https:\/\/schema.org\",\"@graph\":[{\"@type\":\"WebPage\",\"@id\":\"https:\/\/global-mind-search.com\/en\/pricing-policy\/\",\"url\":\"https:\/\/global-mind-search.com\/en\/pricing-policy\/\",\"name\":\"Pricing policy | Global Mind Search\",\"isPartOf\":{\"@id\":\"https:\/\/global-mind-search.com\/#website\"},\"datePublished\":\"2022-12-14T12:44:06+00:00\",\"dateModified\":\"2023-11-10T12:45:33+00:00\",\"description\":\"Global Mind Search's pricing policy is set according to the recruitment strategy selected, I.E. a\u00a0direct approach, a mixed approach or\u00a0active sourcing.\",\"breadcrumb\":{\"@id\":\"https:\/\/global-mind-search.com\/en\/pricing-policy\/#breadcrumb\"},\"inLanguage\":\"en-US\",\"potentialAction\":[{\"@type\":\"ReadAction\",\"target\":[\"https:\/\/global-mind-search.com\/en\/pricing-policy\/\"]}]},{\"@type\":\"BreadcrumbList\",\"@id\":\"https:\/\/global-mind-search.com\/en\/pricing-policy\/#breadcrumb\",\"itemListElement\":[{\"@type\":\"ListItem\",\"position\":1,\"name\":\"Accueil\",\"item\":\"https:\/\/global-mind-search.com\/en\/\"},{\"@type\":\"ListItem\",\"position\":2,\"name\":\"Pricing policy\"}]},{\"@type\":\"WebSite\",\"@id\":\"https:\/\/global-mind-search.com\/#website\",\"url\":\"https:\/\/global-mind-search.com\/\",\"name\":\"Global Mind Search | Cabinet de recrutement | St\u00e9phane Glaser\",\"description\":\"Cabinet de conseil en recrutement par approche directe de cadres confirm\u00e9s et dirigeants, en France, Suisse, Allemagne, Belgique, Luxembourg\",\"publisher\":{\"@id\":\"https:\/\/global-mind-search.com\/#organization\"},\"alternateName\":\"Cabinet de conseil en recrutement par approche directe de cadres confirm\u00e9s et dirigeants, en France, Suisse, Allemagne, Belgique, Luxembourg\",\"potentialAction\":[{\"@type\":\"SearchAction\",\"target\":{\"@type\":\"EntryPoint\",\"urlTemplate\":\"https:\/\/global-mind-search.com\/?s={search_term_string}\"},\"query-input\":\"required name=search_term_string\"}],\"inLanguage\":\"en-US\"},{\"@type\":\"Organization\",\"@id\":\"https:\/\/global-mind-search.com\/#organization\",\"name\":\"Global Mind Search | Cabinet de recrutement | St\u00e9phane Glaser\",\"alternateName\":\"Cabinet de conseil en recrutement par approche directe de cadres confirm\u00e9s et dirigeants, en France, Suisse, Allemagne, Belgique, Luxembourg\",\"url\":\"https:\/\/global-mind-search.com\/\",\"logo\":{\"@type\":\"ImageObject\",\"inLanguage\":\"en-US\",\"@id\":\"https:\/\/global-mind-search.com\/#\/schema\/logo\/image\/\",\"url\":\"https:\/\/global-mind-search.com\/wp-content\/uploads\/2022\/12\/GMS-recrutement-bureau-Strasbourg.jpg\",\"contentUrl\":\"https:\/\/global-mind-search.com\/wp-content\/uploads\/2022\/12\/GMS-recrutement-bureau-Strasbourg.jpg\",\"width\":450,\"height\":300,\"caption\":\"Global Mind Search | Cabinet de recrutement | St\u00e9phane Glaser\"},\"image\":{\"@id\":\"https:\/\/global-mind-search.com\/#\/schema\/logo\/image\/\"}}]}<\/script>\n","yoast_head_json":{"title":"Pricing policy | Global Mind Search","description":"Global Mind Search's pricing policy is set according to the recruitment strategy selected, I.E. a\u00a0direct approach, a mixed approach or\u00a0active sourcing.","robots":{"index":"index","follow":"follow","max-snippet":"max-snippet:-1","max-image-preview":"max-image-preview:large","max-video-preview":"max-video-preview:-1"},"canonical":"https:\/\/global-mind-search.com\/en\/pricing-policy\/","og_locale":"en_US","og_type":"article","og_title":"Pricing policy | Global Mind Search","og_description":"Global Mind Search's pricing policy is set according to the recruitment strategy selected, I.E. a\u00a0direct approach, a mixed approach or\u00a0active sourcing.","og_url":"https:\/\/global-mind-search.com\/en\/pricing-policy\/","og_site_name":"Global Mind Search | Cabinet de recrutement | St\u00e9phane Glaser","article_modified_time":"2023-11-10T12:45:33+00:00","og_image":[{"width":450,"height":300,"url":"https:\/\/global-mind-search.com\/wp-content\/uploads\/2022\/12\/Global-Mind-Search-recrutement-bureau-Paris.jpg","type":"image\/jpeg"}],"twitter_card":"summary_large_image","twitter_misc":{"Est. reading time":"1 minute"},"schema":{"@context":"https:\/\/schema.org","@graph":[{"@type":"WebPage","@id":"https:\/\/global-mind-search.com\/en\/pricing-policy\/","url":"https:\/\/global-mind-search.com\/en\/pricing-policy\/","name":"Pricing policy | Global Mind Search","isPartOf":{"@id":"https:\/\/global-mind-search.com\/#website"},"datePublished":"2022-12-14T12:44:06+00:00","dateModified":"2023-11-10T12:45:33+00:00","description":"Global Mind Search's pricing policy is set according to the recruitment strategy selected, I.E. a\u00a0direct approach, a mixed approach or\u00a0active sourcing.","breadcrumb":{"@id":"https:\/\/global-mind-search.com\/en\/pricing-policy\/#breadcrumb"},"inLanguage":"en-US","potentialAction":[{"@type":"ReadAction","target":["https:\/\/global-mind-search.com\/en\/pricing-policy\/"]}]},{"@type":"BreadcrumbList","@id":"https:\/\/global-mind-search.com\/en\/pricing-policy\/#breadcrumb","itemListElement":[{"@type":"ListItem","position":1,"name":"Accueil","item":"https:\/\/global-mind-search.com\/en\/"},{"@type":"ListItem","position":2,"name":"Pricing policy"}]},{"@type":"WebSite","@id":"https:\/\/global-mind-search.com\/#website","url":"https:\/\/global-mind-search.com\/","name":"Global Mind Search | Cabinet de recrutement | St\u00e9phane Glaser","description":"Cabinet de conseil en recrutement par approche directe de cadres confirm\u00e9s et dirigeants, en France, Suisse, Allemagne, Belgique, Luxembourg","publisher":{"@id":"https:\/\/global-mind-search.com\/#organization"},"alternateName":"Cabinet de conseil en recrutement par approche directe de cadres confirm\u00e9s et dirigeants, en France, Suisse, Allemagne, Belgique, Luxembourg","potentialAction":[{"@type":"SearchAction","target":{"@type":"EntryPoint","urlTemplate":"https:\/\/global-mind-search.com\/?s={search_term_string}"},"query-input":"required name=search_term_string"}],"inLanguage":"en-US"},{"@type":"Organization","@id":"https:\/\/global-mind-search.com\/#organization","name":"Global Mind Search | Cabinet de recrutement | St\u00e9phane Glaser","alternateName":"Cabinet de conseil en recrutement par approche directe de cadres confirm\u00e9s et dirigeants, en France, Suisse, Allemagne, Belgique, Luxembourg","url":"https:\/\/global-mind-search.com\/","logo":{"@type":"ImageObject","inLanguage":"en-US","@id":"https:\/\/global-mind-search.com\/#\/schema\/logo\/image\/","url":"https:\/\/global-mind-search.com\/wp-content\/uploads\/2022\/12\/GMS-recrutement-bureau-Strasbourg.jpg","contentUrl":"https:\/\/global-mind-search.com\/wp-content\/uploads\/2022\/12\/GMS-recrutement-bureau-Strasbourg.jpg","width":450,"height":300,"caption":"Global Mind Search | Cabinet de recrutement | St\u00e9phane Glaser"},"image":{"@id":"https:\/\/global-mind-search.com\/#\/schema\/logo\/image\/"}}]}},"_links":{"self":[{"href":"https:\/\/global-mind-search.com\/en\/wp-json\/wp\/v2\/pages\/1722","targetHints":{"allow":["GET"]}}],"collection":[{"href":"https:\/\/global-mind-search.com\/en\/wp-json\/wp\/v2\/pages"}],"about":[{"href":"https:\/\/global-mind-search.com\/en\/wp-json\/wp\/v2\/types\/page"}],"author":[{"embeddable":true,"href":"https:\/\/global-mind-search.com\/en\/wp-json\/wp\/v2\/users\/1"}],"replies":[{"embeddable":true,"href":"https:\/\/global-mind-search.com\/en\/wp-json\/wp\/v2\/comments?post=1722"}],"version-history":[{"count":0,"href":"https:\/\/global-mind-search.com\/en\/wp-json\/wp\/v2\/pages\/1722\/revisions"}],"wp:featuredmedia":[{"embeddable":true,"href":"https:\/\/global-mind-search.com\/en\/wp-json\/wp\/v2\/media\/2249"}],"wp:attachment":[{"href":"https:\/\/global-mind-search.com\/en\/wp-json\/wp\/v2\/media?parent=1722"}],"curies":[{"name":"wp","href":"https:\/\/api.w.org\/{rel}","templated":true}]}}